{"id":58,"date":"2018-06-09T21:55:07","date_gmt":"2018-06-09T21:55:07","guid":{"rendered":"http:\/\/dealaurencia.cz\/pets\/?page_id=58"},"modified":"2025-03-26T18:05:18","modified_gmt":"2025-03-26T17:05:18","slug":"barf-vyziva-zvirat","status":"publish","type":"page","link":"https:\/\/dealaurencia.cz\/pets\/about\/barf-vyziva-zvirat\/","title":{"rendered":"Barf &#8211; v\u00fd\u017eiva zv\u00ed\u0159at"},"content":{"rendered":"\t\t<div data-elementor-type=\"wp-post\" data-elementor-id=\"58\" class=\"elementor elementor-58\" data-elementor-post-type=\"page\">\n\t\t\t\t\t\t<section class=\"elementor-section elementor-top-section elementor-element elementor-element-38ac8ca5 elementor-section-boxed elementor-section-height-default elementor-section-height-default\" data-id=\"38ac8ca5\" data-element_type=\"section\">\n\t\t\t\t\t\t<div class=\"elementor-container elementor-column-gap-default\">\n\t\t\t\t\t<div class=\"elementor-column elementor-col-100 elementor-top-column elementor-element elementor-element-15a97d24\" data-id=\"15a97d24\" data-element_type=\"column\">\n\t\t\t<div class=\"elementor-widget-wrap elementor-element-populated\">\n\t\t\t\t<div class=\"elementor-element elementor-element-b68f63e e-flex e-con-boxed e-con e-parent\" data-id=\"b68f63e\" data-element_type=\"container\">\n\t\t\t\t\t<div class=\"e-con-inner\">\n\t\t\t\t<div class=\"elementor-element elementor-element-0745c48 elementor-widget elementor-widget-heading\" data-id=\"0745c48\" data-element_type=\"widget\" data-widget_type=\"heading.default\">\n\t\t\t\t\t<h1 class=\"elementor-heading-title elementor-size-default\">Barf<\/h1>\t\t\t\t<\/div>\n\t\t\t\t<div class=\"elementor-element elementor-element-322dcb0 elementor-widget elementor-widget-text-editor\" data-id=\"322dcb0\" data-element_type=\"widget\" data-widget_type=\"text-editor.default\">\n\t\t\t\t\t\t\t\t\t<p>V na\u0161\u00ed chovatelsk\u00e9 stanici krm\u00edme metodou BARF. Jsme p\u0159esv\u011bd\u010den\u00ed, \u017ee i pro zv\u00ed\u0159ata chovan\u00e1 doma je nejlep\u0161\u00ed se co nejv\u00edce p\u0159ibl\u00ed\u017eit k p\u0159irozen\u00e9 strav\u011b. Zkratka B. A. R. F. poch\u00e1z\u00ed z anglick\u00e9ho \u201eBone and Raw Food,\u201c co\u017e by se dalo voln\u011b p\u0159elo\u017eit jako \u201ekosti a syrov\u00e1 strava.\u201c Proto krm\u00edme na\u0161e zv\u00ed\u0159ata (psy a ko\u010dky) r\u016fzn\u00fdmi druhy syrov\u00e9ho masa, kostmi a zeleninou.<br \/>\u0160t\u011b\u0148\u00e1tka dost\u00e1vaj\u00ed jak maso, tak granule, aby byla od mali\u010dka zvykl\u00e1 na oboj\u00ed zp\u016fsob krmen\u00ed.<\/p>\t\t\t\t\t\t\t\t<\/div>\n\t\t\t\t<div class=\"elementor-element elementor-element-5dfb08d elementor-widget elementor-widget-spacer\" data-id=\"5dfb08d\" data-element_type=\"widget\" data-widget_type=\"spacer.default\">\n\t\t\t\t\t\t\t<div class=\"elementor-spacer\">\n\t\t\t<div class=\"elementor-spacer-inner\"><\/div>\n\t\t<\/div>\n\t\t\t\t\t\t<\/div>\n\t\t\t\t\t<\/div>\n\t\t\t\t<\/div>\n\t\t\t\t<div class=\"elementor-element elementor-element-d012dd3 elementor-widget elementor-widget-image\" data-id=\"d012dd3\" data-element_type=\"widget\" data-widget_type=\"image.default\">\n\t\t\t\t\t\t\t\t\t\t\t\t\t\t\t<img fetchpriority=\"high\" decoding=\"async\" width=\"960\" height=\"667\" src=\"https:\/\/dealaurencia.cz\/pets\/wp-content\/uploads\/2020\/04\/Bol_barf_patas_perro.jpg\" class=\"attachment-large size-large wp-image-658\" alt=\"\" srcset=\"https:\/\/dealaurencia.cz\/pets\/wp-content\/uploads\/2020\/04\/Bol_barf_patas_perro.jpg 960w, https:\/\/dealaurencia.cz\/pets\/wp-content\/uploads\/2020\/04\/Bol_barf_patas_perro-300x208.jpg 300w, https:\/\/dealaurencia.cz\/pets\/wp-content\/uploads\/2020\/04\/Bol_barf_patas_perro-768x534.jpg 768w\" sizes=\"(max-width: 960px) 100vw, 960px\" \/>\t\t\t\t\t\t\t\t\t\t\t\t\t\t\t<\/div>\n\t\t\t\t\t<\/div>\n\t\t<\/div>\n\t\t\t\t\t<\/div>\n\t\t<\/section>\n\t\t\t\t<\/div>\n\t\t","protected":false},"excerpt":{"rendered":"<p>Barf V na\u0161\u00ed chovatelsk\u00e9 stanici krm\u00edme metodou BARF. Jsme p\u0159esv\u011bd\u010den\u00ed, \u017ee i pro zv\u00ed\u0159ata chovan\u00e1 doma je nejlep\u0161\u00ed se co nejv\u00edce p\u0159ibl\u00ed\u017eit k p\u0159irozen\u00e9 strav\u011b. Zkratka B. A. R. F. poch\u00e1z\u00ed z anglick\u00e9ho \u201eBone and Raw Food,\u201c co\u017e by se dalo voln\u011b p\u0159elo\u017eit jako \u201ekosti a syrov\u00e1 strava.\u201c Proto krm\u00edme na\u0161e zv\u00ed\u0159ata (psy a ko\u010dky) &#8230;<\/p>\n","protected":false},"author":1,"featured_media":0,"parent":2,"menu_order":0,"comment_status":"closed","ping_status":"closed","template":"elementor_header_footer","meta":{"jetpack_post_was_ever_published":false,"footnotes":""},"class_list":["post-58","page","type-page","status-publish"],"jetpack_sharing_enabled":true,"jetpack_shortlink":"https:\/\/wp.me\/P9XuRR-W","_links":{"self":[{"href":"https:\/\/dealaurencia.cz\/pets\/wp-json\/wp\/v2\/pages\/58","targetHints":{"allow":["GET"]}}],"collection":[{"href":"https:\/\/dealaurencia.cz\/pets\/wp-json\/wp\/v2\/pages"}],"about":[{"href":"https:\/\/dealaurencia.cz\/pets\/wp-json\/wp\/v2\/types\/page"}],"author":[{"embeddable":true,"href":"https:\/\/dealaurencia.cz\/pets\/wp-json\/wp\/v2\/users\/1"}],"replies":[{"embeddable":true,"href":"https:\/\/dealaurencia.cz\/pets\/wp-json\/wp\/v2\/comments?post=58"}],"version-history":[{"count":9,"href":"https:\/\/dealaurencia.cz\/pets\/wp-json\/wp\/v2\/pages\/58\/revisions"}],"predecessor-version":[{"id":916,"href":"https:\/\/dealaurencia.cz\/pets\/wp-json\/wp\/v2\/pages\/58\/revisions\/916"}],"up":[{"embeddable":true,"href":"https:\/\/dealaurencia.cz\/pets\/wp-json\/wp\/v2\/pages\/2"}],"wp:attachment":[{"href":"https:\/\/dealaurencia.cz\/pets\/wp-json\/wp\/v2\/media?parent=58"}],"curies":[{"name":"wp","href":"https:\/\/api.w.org\/{rel}","templated":true}]}}