{"id":55,"date":"2018-06-09T21:49:39","date_gmt":"2018-06-09T21:49:39","guid":{"rendered":"http:\/\/dealaurencia.cz\/pets\/?page_id=55"},"modified":"2021-11-14T21:24:51","modified_gmt":"2021-11-14T20:24:51","slug":"stenata","status":"publish","type":"page","link":"https:\/\/dealaurencia.cz\/pets\/stenata\/","title":{"rendered":"\u0160t\u011b\u0148ata"},"content":{"rendered":"\t\t<div data-elementor-type=\"wp-post\" data-elementor-id=\"55\" class=\"elementor elementor-55 elementor-bc-flex-widget\" data-elementor-post-type=\"page\">\n\t\t\t\t\t\t<section class=\"elementor-section elementor-top-section elementor-element elementor-element-35cb3498 elementor-section-boxed elementor-section-height-default elementor-section-height-default\" data-id=\"35cb3498\" data-element_type=\"section\">\n\t\t\t\t\t\t<div class=\"elementor-container elementor-column-gap-default\">\n\t\t\t\t\t<div class=\"elementor-column elementor-col-100 elementor-top-column elementor-element elementor-element-197c0308\" data-id=\"197c0308\" data-element_type=\"column\">\n\t\t\t<div class=\"elementor-widget-wrap elementor-element-populated\">\n\t\t\t\t\t\t<div class=\"elementor-element elementor-element-4f4adf50 elementor-widget elementor-widget-text-editor\" data-id=\"4f4adf50\" data-element_type=\"widget\" data-widget_type=\"text-editor.default\">\n\t\t\t\t\t\t\t\t\t<p>Na\u0161e \u0161t\u011b\u0148\u00e1tka jsou odchov\u00e1van\u00e1 v\u00a0byt\u011b s\u00a0maxim\u00e1ln\u00ed p\u00e9\u010d\u00ed. Jsou zvykl\u00e1 na d\u011bti, dal\u0161\u00ed psy, ko\u010dky, n\u00e1v\u0161t\u011bvy. Celkov\u011b se sna\u017e\u00edme, aby byla socializovan\u00e1 a m\u011bla dostatek nejr\u016fzn\u011bj\u0161\u00edch podn\u011bt\u016f. Do nov\u00e9ho domova odch\u00e1z\u00ed s\u00a0pr\u016fkazem p\u016fvodu, \u010dipovan\u00e1, s\u00a0pet pasem a o\u010dkov\u00e1n\u00edm. Jsme moc r\u00e1di, kdy\u017e i nad\u00e1le v\u00edme, jak se \u0161t\u011b\u0148\u00e1tk\u016fm da\u0159\u00ed.<\/p>\t\t\t\t\t\t\t\t<\/div>\n\t\t\t\t\t<\/div>\n\t\t<\/div>\n\t\t\t\t\t<\/div>\n\t\t<\/section>\n\t\t\t\t<section class=\"elementor-section elementor-top-section elementor-element elementor-element-213bc32 elementor-section-boxed elementor-section-height-default elementor-section-height-default\" data-id=\"213bc32\" data-element_type=\"section\">\n\t\t\t\t\t\t<div class=\"elementor-container elementor-column-gap-default\">\n\t\t\t\t\t<div class=\"elementor-column elementor-col-100 elementor-top-column elementor-element elementor-element-67a75d3\" data-id=\"67a75d3\" data-element_type=\"column\">\n\t\t\t<div class=\"elementor-widget-wrap elementor-element-populated\">\n\t\t\t\t\t\t<section class=\"elementor-section elementor-inner-section elementor-element elementor-element-c42c2d0 elementor-section-boxed elementor-section-height-default elementor-section-height-default elementor-invisible\" data-id=\"c42c2d0\" data-element_type=\"section\" data-settings=\"{&quot;animation&quot;:&quot;fadeIn&quot;}\">\n\t\t\t\t\t\t<div class=\"elementor-container elementor-column-gap-default\">\n\t\t\t\t\t<div class=\"elementor-column elementor-col-50 elementor-inner-column elementor-element elementor-element-60b8366\" data-id=\"60b8366\" data-element_type=\"column\">\n\t\t\t<div class=\"elementor-widget-wrap elementor-element-populated\">\n\t\t\t\t\t\t<div class=\"elementor-element elementor-element-063400c elementor-widget elementor-widget-image\" data-id=\"063400c\" data-element_type=\"widget\" data-widget_type=\"image.default\">\n\t\t\t\t\t\t\t\t\t\t\t\t\t\t\t<img fetchpriority=\"high\" decoding=\"async\" width=\"1024\" height=\"576\" src=\"https:\/\/dealaurencia.cz\/pets\/wp-content\/uploads\/2018\/07\/20180717_183214-1024x576.jpg\" class=\"attachment-large size-large wp-image-362\" alt=\"\" srcset=\"https:\/\/dealaurencia.cz\/pets\/wp-content\/uploads\/2018\/07\/20180717_183214-1024x576.jpg 1024w, https:\/\/dealaurencia.cz\/pets\/wp-content\/uploads\/2018\/07\/20180717_183214-300x169.jpg 300w, https:\/\/dealaurencia.cz\/pets\/wp-content\/uploads\/2018\/07\/20180717_183214-768x432.jpg 768w, https:\/\/dealaurencia.cz\/pets\/wp-content\/uploads\/2018\/07\/20180717_183214.jpg 1920w\" sizes=\"(max-width: 1024px) 100vw, 1024px\" \/>\t\t\t\t\t\t\t\t\t\t\t\t\t\t\t<\/div>\n\t\t\t\t<div class=\"elementor-element elementor-element-7157b6a elementor-widget elementor-widget-spacer\" data-id=\"7157b6a\" data-element_type=\"widget\" data-widget_type=\"spacer.default\">\n\t\t\t\t\t\t\t<div class=\"elementor-spacer\">\n\t\t\t<div class=\"elementor-spacer-inner\"><\/div>\n\t\t<\/div>\n\t\t\t\t\t\t<\/div>\n\t\t\t\t<div class=\"elementor-element elementor-element-2606322 elementor-align-center elementor-widget elementor-widget-button\" data-id=\"2606322\" data-element_type=\"widget\" data-widget_type=\"button.default\">\n\t\t\t\t\t\t\t\t\t\t<a class=\"elementor-button elementor-button-link elementor-size-sm\" href=\"http:\/\/dealaurencia.cz\/pets\/stenata\/vrh-a\/#\">\n\t\t\t\t\t\t<span class=\"elementor-button-content-wrapper\">\n\t\t\t\t\t\t\t\t\t<span class=\"elementor-button-text\">Vrh A (2018)<\/span>\n\t\t\t\t\t<\/span>\n\t\t\t\t\t<\/a>\n\t\t\t\t\t\t\t\t<\/div>\n\t\t\t\t<div class=\"elementor-element elementor-element-c3e25a5 elementor-widget elementor-widget-text-editor\" data-id=\"c3e25a5\" data-element_type=\"widget\" data-widget_type=\"text-editor.default\">\n\t\t\t\t\t\t\t\t\t<p>\u0160t\u011b\u0148ata narozena 12.6. 2018 &#8211; t\u0159i fenky, barva fawn<\/p><p>Matka:\u00a0<span style=\"font-weight: 400;\">Aglaia Sofia Paganiniho symfonie<br \/>Otec:\u00a0Bay Rock X Ambassadors Leonardo<\/span><\/p>\t\t\t\t\t\t\t\t<\/div>\n\t\t\t\t\t<\/div>\n\t\t<\/div>\n\t\t\t\t<div class=\"elementor-column elementor-col-50 elementor-inner-column elementor-element elementor-element-5e42864\" data-id=\"5e42864\" data-element_type=\"column\">\n\t\t\t<div class=\"elementor-widget-wrap elementor-element-populated\">\n\t\t\t\t\t\t<div class=\"elementor-element elementor-element-9f2485c elementor-widget elementor-widget-image\" data-id=\"9f2485c\" data-element_type=\"widget\" data-widget_type=\"image.default\">\n\t\t\t\t\t\t\t\t\t\t\t\t\t\t\t<img decoding=\"async\" src=\"https:\/\/dealaurencia.cz\/pets\/wp-content\/uploads\/2018\/07\/1052017-9.jpg\" title=\"1052017-9\" alt=\"1052017-9\" loading=\"lazy\" \/>\t\t\t\t\t\t\t\t\t\t\t\t\t\t\t<\/div>\n\t\t\t\t<div class=\"elementor-element elementor-element-8df0ce3 elementor-align-center elementor-widget elementor-widget-button\" data-id=\"8df0ce3\" data-element_type=\"widget\" data-widget_type=\"button.default\">\n\t\t\t\t\t\t\t\t\t\t<a class=\"elementor-button elementor-button-link elementor-size-sm\" href=\"#\">\n\t\t\t\t\t\t<span class=\"elementor-button-content-wrapper\">\n\t\t\t\t\t\t\t\t\t<span class=\"elementor-button-text\">Vrh C (2017)<\/span>\n\t\t\t\t\t<\/span>\n\t\t\t\t\t<\/a>\n\t\t\t\t\t\t\t\t<\/div>\n\t\t\t\t<div class=\"elementor-element elementor-element-ce8d0fb elementor-widget elementor-widget-text-editor\" data-id=\"ce8d0fb\" data-element_type=\"widget\" data-widget_type=\"text-editor.default\">\n\t\t\t\t\t\t\t\t\t<p>\u0160t\u011b\u0148ata narozena 20.3. 2017 &#8211; dva psi, barva fawn<\/p><p>Matka:\u00a0<span style=\"font-weight: 400;\">Aglaia Sofia Paganiniho symfonie<\/span><br \/>Otec:\u00a0Ch. Baldwin Crispans\u00a0<\/p>\t\t\t\t\t\t\t\t<\/div>\n\t\t\t\t\t<\/div>\n\t\t<\/div>\n\t\t\t\t\t<\/div>\n\t\t<\/section>\n\t\t\t\t<section class=\"elementor-section elementor-inner-section elementor-element elementor-element-ac1f452 elementor-section-boxed elementor-section-height-default elementor-section-height-default\" data-id=\"ac1f452\" data-element_type=\"section\">\n\t\t\t\t\t\t<div class=\"elementor-container elementor-column-gap-default\">\n\t\t\t\t\t<div class=\"elementor-column elementor-col-50 elementor-inner-column elementor-element elementor-element-c419d4d\" data-id=\"c419d4d\" data-element_type=\"column\">\n\t\t\t<div class=\"elementor-widget-wrap elementor-element-populated\">\n\t\t\t\t\t\t<div class=\"elementor-element elementor-element-a785df5 elementor-widget elementor-widget-image\" data-id=\"a785df5\" data-element_type=\"widget\" data-widget_type=\"image.default\">\n\t\t\t\t\t\t\t\t\t\t\t\t\t\t\t<img decoding=\"async\" width=\"1024\" height=\"512\" src=\"https:\/\/dealaurencia.cz\/pets\/wp-content\/uploads\/2020\/04\/P_20200402_124625_vHDR_Auto_HP-1024x512.jpg\" class=\"attachment-large size-large wp-image-543\" alt=\"\" srcset=\"https:\/\/dealaurencia.cz\/pets\/wp-content\/uploads\/2020\/04\/P_20200402_124625_vHDR_Auto_HP-1024x512.jpg 1024w, https:\/\/dealaurencia.cz\/pets\/wp-content\/uploads\/2020\/04\/P_20200402_124625_vHDR_Auto_HP-300x150.jpg 300w, https:\/\/dealaurencia.cz\/pets\/wp-content\/uploads\/2020\/04\/P_20200402_124625_vHDR_Auto_HP-768x384.jpg 768w\" sizes=\"(max-width: 1024px) 100vw, 1024px\" \/>\t\t\t\t\t\t\t\t\t\t\t\t\t\t\t<\/div>\n\t\t\t\t<div class=\"elementor-element elementor-element-65f11f4 elementor-align-center elementor-widget elementor-widget-button\" data-id=\"65f11f4\" data-element_type=\"widget\" data-widget_type=\"button.default\">\n\t\t\t\t\t\t\t\t\t\t<a class=\"elementor-button elementor-button-link elementor-size-sm\" href=\"http:\/\/dealaurencia.cz\/pets\/stenata\/vrh-b\/\">\n\t\t\t\t\t\t<span class=\"elementor-button-content-wrapper\">\n\t\t\t\t\t\t\t\t\t<span class=\"elementor-button-text\">Vrh B (2020)<\/span>\n\t\t\t\t\t<\/span>\n\t\t\t\t\t<\/a>\n\t\t\t\t\t\t\t\t<\/div>\n\t\t\t\t<div class=\"elementor-element elementor-element-7e102ba elementor-widget elementor-widget-text-editor\" data-id=\"7e102ba\" data-element_type=\"widget\" data-widget_type=\"text-editor.default\">\n\t\t\t\t\t\t\t\t\t<p style=\"font-size: 16px;\">\u0160t\u011b\u0148ata narozena 20.3. 2020 &#8211; dv\u011b fenky, jeden pejsek, barva fawn<\/p><p style=\"font-size: 16px;\">Matka:\u00a0<span style=\"font-size: 16px;\">Aglaia Sofia Paganiniho symfonie<br \/>Otec:\u00a0Bay Rock X Ambassadors Leonardo<\/span><\/p>\t\t\t\t\t\t\t\t<\/div>\n\t\t\t\t\t<\/div>\n\t\t<\/div>\n\t\t\t\t<div class=\"elementor-column elementor-col-50 elementor-inner-column elementor-element elementor-element-0259723\" data-id=\"0259723\" data-element_type=\"column\">\n\t\t\t<div class=\"elementor-widget-wrap\">\n\t\t\t\t\t\t\t<\/div>\n\t\t<\/div>\n\t\t\t\t\t<\/div>\n\t\t<\/section>\n\t\t\t\t\t<\/div>\n\t\t<\/div>\n\t\t\t\t\t<\/div>\n\t\t<\/section>\n\t\t\t\t<\/div>\n\t\t","protected":false},"excerpt":{"rendered":"<p>Na\u0161e \u0161t\u011b\u0148\u00e1tka jsou odchov\u00e1van\u00e1 v&nbsp;byt\u011b s&nbsp;maxim\u00e1ln\u00ed p\u00e9\u010d\u00ed. Jsou zvykl\u00e1 na d\u011bti, dal\u0161\u00ed psy, ko\u010dky, n\u00e1v\u0161t\u011bvy. Celkov\u011b se sna\u017e\u00edme, aby byla socializovan\u00e1 a m\u011bla dostatek nejr\u016fzn\u011bj\u0161\u00edch podn\u011bt\u016f. Do nov\u00e9ho domova odch\u00e1z\u00ed s&nbsp;pr\u016fkazem p\u016fvodu, \u010dipovan\u00e1, s&nbsp;pet pasem a o\u010dkov\u00e1n\u00edm. Jsme moc r\u00e1di, kdy\u017e i nad\u00e1le v\u00edme, jak se \u0161t\u011b\u0148\u00e1tk\u016fm da\u0159\u00ed. Vrh A (2018) \u0160t\u011b\u0148ata narozena 12.6. 2018 &#8230;<\/p>\n","protected":false},"author":1,"featured_media":0,"parent":0,"menu_order":0,"comment_status":"closed","ping_status":"closed","template":"elementor_header_footer","meta":{"jetpack_post_was_ever_published":false,"footnotes":""},"class_list":["post-55","page","type-page","status-publish"],"jetpack_sharing_enabled":true,"jetpack_shortlink":"https:\/\/wp.me\/P9XuRR-T","_links":{"self":[{"href":"https:\/\/dealaurencia.cz\/pets\/wp-json\/wp\/v2\/pages\/55","targetHints":{"allow":["GET"]}}],"collection":[{"href":"https:\/\/dealaurencia.cz\/pets\/wp-json\/wp\/v2\/pages"}],"about":[{"href":"https:\/\/dealaurencia.cz\/pets\/wp-json\/wp\/v2\/types\/page"}],"author":[{"embeddable":true,"href":"https:\/\/dealaurencia.cz\/pets\/wp-json\/wp\/v2\/users\/1"}],"replies":[{"embeddable":true,"href":"https:\/\/dealaurencia.cz\/pets\/wp-json\/wp\/v2\/comments?post=55"}],"version-history":[{"count":21,"href":"https:\/\/dealaurencia.cz\/pets\/wp-json\/wp\/v2\/pages\/55\/revisions"}],"predecessor-version":[{"id":766,"href":"https:\/\/dealaurencia.cz\/pets\/wp-json\/wp\/v2\/pages\/55\/revisions\/766"}],"wp:attachment":[{"href":"https:\/\/dealaurencia.cz\/pets\/wp-json\/wp\/v2\/media?parent=55"}],"curies":[{"name":"wp","href":"https:\/\/api.w.org\/{rel}","templated":true}]}}