{"id":490,"date":"2020-04-03T19:30:01","date_gmt":"2020-04-03T17:30:01","guid":{"rendered":"http:\/\/dealaurencia.cz\/pets\/?page_id=490"},"modified":"2021-11-14T22:44:05","modified_gmt":"2021-11-14T21:44:05","slug":"vrh-b","status":"publish","type":"page","link":"https:\/\/dealaurencia.cz\/pets\/stenata\/vrh-b\/","title":{"rendered":"Vrh B (2020)"},"content":{"rendered":"\t\t<div data-elementor-type=\"wp-post\" data-elementor-id=\"490\" class=\"elementor elementor-490\" data-elementor-post-type=\"page\">\n\t\t\t\t\t\t<section class=\"elementor-section elementor-top-section elementor-element elementor-element-e68fcc2 elementor-section-boxed elementor-section-height-default elementor-section-height-default\" data-id=\"e68fcc2\" data-element_type=\"section\">\n\t\t\t\t\t\t<div class=\"elementor-container elementor-column-gap-default\">\n\t\t\t\t\t<div class=\"elementor-column elementor-col-100 elementor-top-column elementor-element elementor-element-906aae2\" data-id=\"906aae2\" data-element_type=\"column\">\n\t\t\t<div class=\"elementor-widget-wrap elementor-element-populated\">\n\t\t\t\t\t\t<div class=\"elementor-element elementor-element-a743dd7 elementor-widget elementor-widget-heading\" data-id=\"a743dd7\" data-element_type=\"widget\" data-widget_type=\"heading.default\">\n\t\t\t\t\t<h2 class=\"elementor-heading-title elementor-size-default\">Vrh B (2020)<br> <br>\u0160t\u011b\u0148ata narozena 23.3.2020 - dv\u011b fenky, jeden pejsek, barva fawn<br><br>\u0160t\u011b\u0148\u00e1tka u\u017e jsou \u0161\u0165astn\u011b ve sv\u00fdch nov\u00fd domovech<\/h2>\t\t\t\t<\/div>\n\t\t\t\t<div class=\"elementor-element elementor-element-233ee77 elementor-widget elementor-widget-spacer\" data-id=\"233ee77\" data-element_type=\"widget\" data-widget_type=\"spacer.default\">\n\t\t\t\t\t\t\t<div class=\"elementor-spacer\">\n\t\t\t<div class=\"elementor-spacer-inner\"><\/div>\n\t\t<\/div>\n\t\t\t\t\t\t<\/div>\n\t\t\t\t<section class=\"elementor-section elementor-inner-section elementor-element elementor-element-61a93ba elementor-section-boxed elementor-section-height-default elementor-section-height-default\" data-id=\"61a93ba\" data-element_type=\"section\">\n\t\t\t\t\t\t<div class=\"elementor-container elementor-column-gap-default\">\n\t\t\t\t\t<div class=\"elementor-column elementor-col-50 elementor-inner-column elementor-element elementor-element-6662fef\" data-id=\"6662fef\" data-element_type=\"column\">\n\t\t\t<div class=\"elementor-widget-wrap elementor-element-populated\">\n\t\t\t\t\t\t<div class=\"elementor-element elementor-element-c4b0f42 elementor-widget elementor-widget-image\" data-id=\"c4b0f42\" data-element_type=\"widget\" data-widget_type=\"image.default\">\n\t\t\t\t\t\t\t\t\t\t\t\t\t\t\t<img fetchpriority=\"high\" decoding=\"async\" width=\"1024\" height=\"512\" src=\"http:\/\/dealaurencia.cz\/pets\/wp-content\/uploads\/2020\/04\/P_20200406_194150_vHDR_Auto-1024x512.jpg\" class=\"attachment-large size-large wp-image-677\" alt=\"\" srcset=\"http:\/\/dealaurencia.cz\/pets\/wp-content\/uploads\/2020\/04\/P_20200406_194150_vHDR_Auto-1024x512.jpg 1024w, http:\/\/dealaurencia.cz\/pets\/wp-content\/uploads\/2020\/04\/P_20200406_194150_vHDR_Auto-300x150.jpg 300w, http:\/\/dealaurencia.cz\/pets\/wp-content\/uploads\/2020\/04\/P_20200406_194150_vHDR_Auto-768x384.jpg 768w\" sizes=\"(max-width: 1024px) 100vw, 1024px\" \/>\t\t\t\t\t\t\t\t\t\t\t\t\t\t\t<\/div>\n\t\t\t\t<div class=\"elementor-element elementor-element-6bd9a5d elementor-widget elementor-widget-heading\" data-id=\"6bd9a5d\" data-element_type=\"widget\" data-widget_type=\"heading.default\">\n\t\t\t\t\t<h2 class=\"elementor-heading-title elementor-size-default\">Blueberry Dea Laurencia<\/h2>\t\t\t\t<\/div>\n\t\t\t\t<div class=\"elementor-element elementor-element-9dd8d37 elementor-widget elementor-widget-text-editor\" data-id=\"9dd8d37\" data-element_type=\"widget\" data-widget_type=\"text-editor.default\">\n\t\t\t\t\t\t\t\t\t<p>Pohlav\u00ed: fenka<br \/>Zadan\u00e1: Ano<\/p>\t\t\t\t\t\t\t\t<\/div>\n\t\t\t\t\t<\/div>\n\t\t<\/div>\n\t\t\t\t<div class=\"elementor-column elementor-col-50 elementor-inner-column elementor-element elementor-element-2091a24\" data-id=\"2091a24\" data-element_type=\"column\">\n\t\t\t<div class=\"elementor-widget-wrap elementor-element-populated\">\n\t\t\t\t\t\t<div class=\"elementor-element elementor-element-77415d4 elementor-widget elementor-widget-image\" data-id=\"77415d4\" data-element_type=\"widget\" data-widget_type=\"image.default\">\n\t\t\t\t\t\t\t\t\t\t\t\t\t\t\t<img decoding=\"async\" width=\"1024\" height=\"512\" src=\"http:\/\/dealaurencia.cz\/pets\/wp-content\/uploads\/2020\/04\/P_20200406_194454_vHDR_Auto-1024x512.jpg\" class=\"attachment-large size-large wp-image-667\" alt=\"\" srcset=\"http:\/\/dealaurencia.cz\/pets\/wp-content\/uploads\/2020\/04\/P_20200406_194454_vHDR_Auto-1024x512.jpg 1024w, http:\/\/dealaurencia.cz\/pets\/wp-content\/uploads\/2020\/04\/P_20200406_194454_vHDR_Auto-300x150.jpg 300w, http:\/\/dealaurencia.cz\/pets\/wp-content\/uploads\/2020\/04\/P_20200406_194454_vHDR_Auto-768x384.jpg 768w\" sizes=\"(max-width: 1024px) 100vw, 1024px\" \/>\t\t\t\t\t\t\t\t\t\t\t\t\t\t\t<\/div>\n\t\t\t\t<div class=\"elementor-element elementor-element-a56f64b elementor-widget elementor-widget-heading\" data-id=\"a56f64b\" data-element_type=\"widget\" data-widget_type=\"heading.default\">\n\t\t\t\t\t<h2 class=\"elementor-heading-title elementor-size-default\">Britannia Dea Laurencia<\/h2>\t\t\t\t<\/div>\n\t\t\t\t<div class=\"elementor-element elementor-element-716fc27 elementor-widget elementor-widget-text-editor\" data-id=\"716fc27\" data-element_type=\"widget\" data-widget_type=\"text-editor.default\">\n\t\t\t\t\t\t\t\t\t<p style=\"text-align: right;\">Pohlav\u00ed: fenka<br \/>Zadan\u00e1:Ano<\/p>\t\t\t\t\t\t\t\t<\/div>\n\t\t\t\t\t<\/div>\n\t\t<\/div>\n\t\t\t\t\t<\/div>\n\t\t<\/section>\n\t\t\t\t<section class=\"elementor-section elementor-inner-section elementor-element elementor-element-c2041ef elementor-section-boxed elementor-section-height-default elementor-section-height-default\" data-id=\"c2041ef\" data-element_type=\"section\">\n\t\t\t\t\t\t<div class=\"elementor-container elementor-column-gap-default\">\n\t\t\t\t\t<div class=\"elementor-column elementor-col-50 elementor-inner-column elementor-element elementor-element-91b643d\" data-id=\"91b643d\" data-element_type=\"column\">\n\t\t\t<div class=\"elementor-widget-wrap elementor-element-populated\">\n\t\t\t\t\t\t<div class=\"elementor-element elementor-element-7ed5719 elementor-widget elementor-widget-image\" data-id=\"7ed5719\" data-element_type=\"widget\" data-widget_type=\"image.default\">\n\t\t\t\t\t\t\t\t\t\t\t\t\t\t\t<img decoding=\"async\" width=\"1024\" height=\"512\" src=\"http:\/\/dealaurencia.cz\/pets\/wp-content\/uploads\/2020\/04\/P_20200406_194029_vHDR_Auto-1024x512.jpg\" class=\"attachment-large size-large wp-image-681\" alt=\"\" srcset=\"http:\/\/dealaurencia.cz\/pets\/wp-content\/uploads\/2020\/04\/P_20200406_194029_vHDR_Auto-1024x512.jpg 1024w, http:\/\/dealaurencia.cz\/pets\/wp-content\/uploads\/2020\/04\/P_20200406_194029_vHDR_Auto-300x150.jpg 300w, http:\/\/dealaurencia.cz\/pets\/wp-content\/uploads\/2020\/04\/P_20200406_194029_vHDR_Auto-768x384.jpg 768w\" sizes=\"(max-width: 1024px) 100vw, 1024px\" \/>\t\t\t\t\t\t\t\t\t\t\t\t\t\t\t<\/div>\n\t\t\t\t<div class=\"elementor-element elementor-element-5cc7876 elementor-widget elementor-widget-heading\" data-id=\"5cc7876\" data-element_type=\"widget\" data-widget_type=\"heading.default\">\n\t\t\t\t\t<h2 class=\"elementor-heading-title elementor-size-default\">Brisingr Dea Laurencia<\/h2>\t\t\t\t<\/div>\n\t\t\t\t<div class=\"elementor-element elementor-element-a806d40 elementor-widget elementor-widget-text-editor\" data-id=\"a806d40\" data-element_type=\"widget\" data-widget_type=\"text-editor.default\">\n\t\t\t\t\t\t\t\t\t<p>Pohlav\u00ed: pejsek<br \/>Zadan\u00fd: ano<\/p>\t\t\t\t\t\t\t\t<\/div>\n\t\t\t\t\t<\/div>\n\t\t<\/div>\n\t\t\t\t<div class=\"elementor-column elementor-col-50 elementor-inner-column elementor-element elementor-element-a34759e\" data-id=\"a34759e\" data-element_type=\"column\">\n\t\t\t<div class=\"elementor-widget-wrap\">\n\t\t\t\t\t\t\t<\/div>\n\t\t<\/div>\n\t\t\t\t\t<\/div>\n\t\t<\/section>\n\t\t\t\t<div class=\"elementor-element elementor-element-4802369 elementor-widget elementor-widget-spacer\" data-id=\"4802369\" data-element_type=\"widget\" data-widget_type=\"spacer.default\">\n\t\t\t\t\t\t\t<div class=\"elementor-spacer\">\n\t\t\t<div class=\"elementor-spacer-inner\"><\/div>\n\t\t<\/div>\n\t\t\t\t\t\t<\/div>\n\t\t\t\t<div class=\"elementor-element elementor-element-43a4d0a elementor-widget elementor-widget-heading\" data-id=\"43a4d0a\" data-element_type=\"widget\" data-widget_type=\"heading.default\">\n\t\t\t\t\t<h2 class=\"elementor-heading-title elementor-size-xl\">Rodi\u010de<\/h2>\t\t\t\t<\/div>\n\t\t\t\t<section class=\"elementor-section elementor-inner-section elementor-element elementor-element-d379494 elementor-section-boxed elementor-section-height-default elementor-section-height-default\" data-id=\"d379494\" data-element_type=\"section\">\n\t\t\t\t\t\t<div class=\"elementor-container elementor-column-gap-default\">\n\t\t\t\t\t<div class=\"elementor-column elementor-col-50 elementor-inner-column elementor-element elementor-element-fe0914d\" data-id=\"fe0914d\" data-element_type=\"column\">\n\t\t\t<div class=\"elementor-widget-wrap elementor-element-populated\">\n\t\t\t\t\t\t<div class=\"elementor-element elementor-element-425ebd6 elementor-widget elementor-widget-image\" data-id=\"425ebd6\" data-element_type=\"widget\" data-widget_type=\"image.default\">\n\t\t\t\t\t\t\t\t\t\t\t\t\t\t\t<img loading=\"lazy\" decoding=\"async\" width=\"387\" height=\"393\" src=\"http:\/\/dealaurencia.cz\/pets\/wp-content\/uploads\/2018\/07\/postojleonardo.jpg\" class=\"attachment-large size-large wp-image-399\" alt=\"\" srcset=\"http:\/\/dealaurencia.cz\/pets\/wp-content\/uploads\/2018\/07\/postojleonardo.jpg 387w, http:\/\/dealaurencia.cz\/pets\/wp-content\/uploads\/2018\/07\/postojleonardo-295x300.jpg 295w\" sizes=\"(max-width: 387px) 100vw, 387px\" \/>\t\t\t\t\t\t\t\t\t\t\t\t\t\t\t<\/div>\n\t\t\t\t<div class=\"elementor-element elementor-element-1756702 elementor-widget elementor-widget-heading\" data-id=\"1756702\" data-element_type=\"widget\" data-widget_type=\"heading.default\">\n\t\t\t\t\t<h2 class=\"elementor-heading-title elementor-size-default\">BAY ROCK X AMBASSADORS LEONARDO<\/h2>\t\t\t\t<\/div>\n\t\t\t\t<div class=\"elementor-element elementor-element-4c6d5c4 elementor-widget elementor-widget-text-editor\" data-id=\"4c6d5c4\" data-element_type=\"widget\" data-widget_type=\"text-editor.default\">\n\t\t\t\t\t\t\t\t\t<p style=\"text-align: center;\">narozen: 14.3.2016<\/p><p style=\"text-align: center;\">bonitace:CHOVN\u00dd<\/p><p style=\"text-align: center;\">v\u00fd\u0161ka:43cm<\/p><p style=\"text-align: center;\">LP:0\/0<\/p><p style=\"text-align: center;\">DKK:A\/A<\/p><p style=\"text-align: center;\">DLK:0\/0<\/p><p style=\"text-align: center;\">PRA &#8211; DOV:Negativn\u00ed 08\/2017 &#8211; 08\/2018<\/p><p style=\"text-align: center;\">Vy\u0161et\u0159en\u00ed Prcd-PRA: N\/N (Normal\/Clear &#8211; A)<\/p><p style=\"text-align: center;\">plnochrup\u00fd, n\u016f\u017ekov\u00fd skus<\/p><p style=\"text-align: center;\">DNA probil<\/p><p style=\"text-align: center;\">Test barev: aw\/at KB\/kB B\/B e\/e D\/D<\/p><p style=\"text-align: center;\">Von Willebrandova nemoc, typ I (vWD I): N\/N (Normal\/Clear)<\/p><p style=\"text-align: center;\">Vy\u0161et\u0159en\u00ed Degenerativn\u00ed Myelopatie: N\/N (Normal\/Clear)<\/p><p style=\"text-align: center;\">Vy\u0161et\u0159en\u00ed chondrodysplazie: N\/N (Normal\/Clear)<\/p><p style=\"text-align: center;\">Vy\u0161et\u0159en\u00ed Neonat\u00e1ln\u00ed encefalopatie: N\/N (Normal\/Clear)<\/p><p style=\"text-align: center;\">Malign\u00ed hypertermie: N\/N (NORMAL\/CLEAR)<\/p><p style=\"text-align: center;\">ZKOU\u0160KY:<\/p><p style=\"text-align: center;\">Nosework: DZ, NZ, Uz, Wz &#8211; MASTER OF NOSEWORK Z<br \/>Coursing: Mistr Moravy 2018 a 2019, Mist \u010cesk\u00e9 republiky 2018, Mistr \u010cech 2018, 3x Nejlep\u0161\u00ed pes z\u00e1vodu, Coursing Winner 2018<\/p><p style=\"text-align: center;\">DAL\u0160\u00cd TITULY:<\/p><p style=\"text-align: center;\">8x BOB, 3x CACIB, 5x R.CACIB, N\u00e1rodn\u00ed v\u00edt\u011bz, 9x BOJ, 2x BOS, Nejlep\u0161\u00ed mlad\u00fd plav\u00fd pes v\u00fdstavy<\/p><p style=\"text-align: center;\">2x CACA, 3x C.A.C RO, CACS, CAC VDH, 2x CAC SK, 4x CAC CZ, CAC \u010cMKU, 2x CAC SLO, CAC \u010cMKU, CAC HU, 2x CAC HR<\/p><p style=\"text-align: center;\">Jugendbester, 2x CAJC SK, 3x HJP, 3x CAJC CZ, 2x JCWC<\/p><p style=\"text-align: center;\">2x JKCH, \u010cM\u0160, KCHM<\/p><p style=\"text-align: center;\">Nejlep\u0161\u00ed \u0161t\u011bn\u011b pes v\u00fdstavy, Nejlep\u0161\u00ed dorost pes v\u00fdstavy<\/p><p style=\"text-align: center;\">7x velmi nad\u011bjn\u00fd 1, 2x DKCH<\/p><h5 style=\"text-align: center;\">RODI\u010cE<\/h5><p style=\"text-align: center;\">OTEC:<\/p><p style=\"text-align: center;\">BAY ROCK\u00b4S RICHARD CROWN OF KINGS<\/p><p style=\"text-align: center;\">MATKA:<\/p><p style=\"text-align: center;\">KARBITS H BAREFOOT SIENNA LA ROUX<\/p>\t\t\t\t\t\t\t\t<\/div>\n\t\t\t\t\t<\/div>\n\t\t<\/div>\n\t\t\t\t<div class=\"elementor-column elementor-col-50 elementor-inner-column elementor-element elementor-element-a803e42\" data-id=\"a803e42\" data-element_type=\"column\">\n\t\t\t<div class=\"elementor-widget-wrap elementor-element-populated\">\n\t\t\t\t\t\t<div class=\"elementor-element elementor-element-4078118 elementor-widget elementor-widget-image\" data-id=\"4078118\" data-element_type=\"widget\" data-widget_type=\"image.default\">\n\t\t\t\t\t\t\t\t\t\t\t\t\t\t\t<img loading=\"lazy\" decoding=\"async\" width=\"1024\" height=\"682\" src=\"http:\/\/dealaurencia.cz\/pets\/wp-content\/uploads\/2018\/07\/Sofie-1024x682.jpg\" class=\"attachment-large size-large wp-image-400\" alt=\"\" srcset=\"http:\/\/dealaurencia.cz\/pets\/wp-content\/uploads\/2018\/07\/Sofie-1024x682.jpg 1024w, http:\/\/dealaurencia.cz\/pets\/wp-content\/uploads\/2018\/07\/Sofie-300x200.jpg 300w, http:\/\/dealaurencia.cz\/pets\/wp-content\/uploads\/2018\/07\/Sofie-768x512.jpg 768w, http:\/\/dealaurencia.cz\/pets\/wp-content\/uploads\/2018\/07\/Sofie.jpg 1280w\" sizes=\"(max-width: 1024px) 100vw, 1024px\" \/>\t\t\t\t\t\t\t\t\t\t\t\t\t\t\t<\/div>\n\t\t\t\t<div class=\"elementor-element elementor-element-ad8fa6c elementor-widget elementor-widget-spacer\" data-id=\"ad8fa6c\" data-element_type=\"widget\" data-widget_type=\"spacer.default\">\n\t\t\t\t\t\t\t<div class=\"elementor-spacer\">\n\t\t\t<div class=\"elementor-spacer-inner\"><\/div>\n\t\t<\/div>\n\t\t\t\t\t\t<\/div>\n\t\t\t\t<div class=\"elementor-element elementor-element-fa9376f elementor-widget elementor-widget-heading\" data-id=\"fa9376f\" data-element_type=\"widget\" data-widget_type=\"heading.default\">\n\t\t\t\t\t<h2 class=\"elementor-heading-title elementor-size-default\">JCh. Aglaia Sofia Paganiniho symfonie<\/h2>\t\t\t\t<\/div>\n\t\t\t\t<div class=\"elementor-element elementor-element-7d7f213 elementor-widget elementor-widget-text-editor\" data-id=\"7d7f213\" data-element_type=\"widget\" data-widget_type=\"text-editor.default\">\n\t\t\t\t\t\t\t\t\t<p style=\"text-align: center;\">Pudl, st\u0159edn\u00ed aprikot \u2013 fena<\/p><p style=\"text-align: center;\">narozena: 16.5.2014<\/p><p style=\"text-align: center;\">v\u00fd\u0161ka: 40,5cm<br \/>patella: 0\/0<br \/>T.A.N. test: 10\/10 (pln\u00fd po\u010det bod\u016f)<br \/>DOV: prost\u00e1 (10.7.2015)<br \/>prcd-PRA (Genomia): B\/Carrier<\/p><p style=\"text-align: center;\">Dorost \u0161ampionka KPaCHP<br \/>\u010cesk\u00e1 Junior\u0161ampionka<br \/>CAJC<br \/>Best of Junior<br \/>Mlad\u00e1 klubov\u00e1 v\u00edt\u011bzka<br \/>CAC<\/p><h5 style=\"text-align: center;\">RODI\u010cE<\/h5><div style=\"text-align: center;\">OTEC:<\/div><div style=\"text-align: center;\">Paganini Aureus Ytaner<\/div><div>\u00a0<\/div><div style=\"text-align: center;\">MATKA:<\/div><div style=\"text-align: center;\">Isis Dreamy Lady Teschiro<\/div>\t\t\t\t\t\t\t\t<\/div>\n\t\t\t\t\t<\/div>\n\t\t<\/div>\n\t\t\t\t\t<\/div>\n\t\t<\/section>\n\t\t\t\t\t<\/div>\n\t\t<\/div>\n\t\t\t\t\t<\/div>\n\t\t<\/section>\n\t\t\t\t<\/div>\n\t\t","protected":false},"excerpt":{"rendered":"<p>Vrh B (2020) \u0160t\u011b\u0148ata narozena 23.3.2020 &#8211; dv\u011b fenky, jeden pejsek, barva fawn \u0160t\u011b\u0148\u00e1tka u\u017e jsou \u0161\u0165astn\u011b ve sv\u00fdch nov\u00fd domovech Blueberry Dea Laurencia Pohlav\u00ed: fenkaZadan\u00e1: Ano Britannia Dea Laurencia Pohlav\u00ed: fenkaZadan\u00e1:Ano Brisingr Dea Laurencia Pohlav\u00ed: pejsekZadan\u00fd: ano Rodi\u010de BAY ROCK X AMBASSADORS LEONARDO narozen: 14.3.2016 bonitace:CHOVN\u00dd v\u00fd\u0161ka:43cm LP:0\/0 DKK:A\/A DLK:0\/0 PRA &#8211; DOV:Negativn\u00ed 08\/2017 &#8230;<\/p>\n","protected":false},"author":2,"featured_media":0,"parent":55,"menu_order":0,"comment_status":"closed","ping_status":"closed","template":"elementor_header_footer","meta":{"jetpack_post_was_ever_published":false,"footnotes":""},"class_list":["post-490","page","type-page","status-publish"],"jetpack_sharing_enabled":true,"jetpack_shortlink":"https:\/\/wp.me\/P9XuRR-7U","_links":{"self":[{"href":"https:\/\/dealaurencia.cz\/pets\/wp-json\/wp\/v2\/pages\/490","targetHints":{"allow":["GET"]}}],"collection":[{"href":"https:\/\/dealaurencia.cz\/pets\/wp-json\/wp\/v2\/pages"}],"about":[{"href":"https:\/\/dealaurencia.cz\/pets\/wp-json\/wp\/v2\/types\/page"}],"author":[{"embeddable":true,"href":"https:\/\/dealaurencia.cz\/pets\/wp-json\/wp\/v2\/users\/2"}],"replies":[{"embeddable":true,"href":"https:\/\/dealaurencia.cz\/pets\/wp-json\/wp\/v2\/comments?post=490"}],"version-history":[{"count":34,"href":"https:\/\/dealaurencia.cz\/pets\/wp-json\/wp\/v2\/pages\/490\/revisions"}],"predecessor-version":[{"id":772,"href":"https:\/\/dealaurencia.cz\/pets\/wp-json\/wp\/v2\/pages\/490\/revisions\/772"}],"up":[{"embeddable":true,"href":"https:\/\/dealaurencia.cz\/pets\/wp-json\/wp\/v2\/pages\/55"}],"wp:attachment":[{"href":"https:\/\/dealaurencia.cz\/pets\/wp-json\/wp\/v2\/media?parent=490"}],"curies":[{"name":"wp","href":"https:\/\/api.w.org\/{rel}","templated":true}]}}