{"id":49,"date":"2018-06-09T20:03:26","date_gmt":"2018-06-09T20:03:26","guid":{"rendered":"http:\/\/dealaurencia.cz\/pets\/?page_id=49"},"modified":"2025-04-09T18:30:26","modified_gmt":"2025-04-09T16:30:26","slug":"nasi-psi","status":"publish","type":"page","link":"https:\/\/dealaurencia.cz\/pets\/nasi-psi\/","title":{"rendered":"Na\u0161i psi"},"content":{"rendered":"\t\t<div data-elementor-type=\"wp-post\" data-elementor-id=\"49\" class=\"elementor elementor-49\" data-elementor-post-type=\"page\">\n\t\t\t\t\t\t<section class=\"elementor-section elementor-top-section elementor-element elementor-element-9508647 elementor-section-boxed elementor-section-height-default elementor-section-height-default\" data-id=\"9508647\" data-element_type=\"section\">\n\t\t\t\t\t\t<div class=\"elementor-container elementor-column-gap-default\">\n\t\t\t\t\t<div class=\"elementor-column elementor-col-33 elementor-top-column elementor-element elementor-element-97c7366\" data-id=\"97c7366\" data-element_type=\"column\">\n\t\t\t<div class=\"elementor-widget-wrap elementor-element-populated\">\n\t\t\t\t\t\t<div class=\"elementor-element elementor-element-ce7795e elementor-widget elementor-widget-image\" data-id=\"ce7795e\" data-element_type=\"widget\" data-widget_type=\"image.default\">\n\t\t\t\t\t\t\t\t\t\t\t\t\t\t\t<img fetchpriority=\"high\" decoding=\"async\" width=\"539\" height=\"1024\" src=\"http:\/\/dealaurencia.cz\/pets\/wp-content\/uploads\/2025\/03\/Berusak-3-539x1024.webp\" class=\"attachment-large size-large wp-image-893\" alt=\"\" srcset=\"http:\/\/dealaurencia.cz\/pets\/wp-content\/uploads\/2025\/03\/Berusak-3-539x1024.webp 539w, http:\/\/dealaurencia.cz\/pets\/wp-content\/uploads\/2025\/03\/Berusak-3-158x300.webp 158w, http:\/\/dealaurencia.cz\/pets\/wp-content\/uploads\/2025\/03\/Berusak-3.webp 600w\" sizes=\"(max-width: 539px) 100vw, 539px\" \/>\t\t\t\t\t\t\t\t\t\t\t\t\t\t\t<\/div>\n\t\t\t\t\t<\/div>\n\t\t<\/div>\n\t\t\t\t<div class=\"elementor-column elementor-col-66 elementor-top-column elementor-element elementor-element-f3f6c5e\" data-id=\"f3f6c5e\" data-element_type=\"column\">\n\t\t\t<div class=\"elementor-widget-wrap elementor-element-populated\">\n\t\t\t\t\t\t<div class=\"elementor-element elementor-element-9042d19 elementor-widget elementor-widget-heading\" data-id=\"9042d19\" data-element_type=\"widget\" data-widget_type=\"heading.default\">\n\t\t\t\t\t<h2 class=\"elementor-heading-title elementor-size-default\">Brixie Mountain Phoenix<\/h2>\t\t\t\t<\/div>\n\t\t\t\t<div class=\"elementor-element elementor-element-b9c847c elementor-widget elementor-widget-heading\" data-id=\"b9c847c\" data-element_type=\"widget\" data-widget_type=\"heading.default\">\n\t\t\t\t\t<h4 class=\"elementor-heading-title elementor-size-default\">Pudl, st\u0159edn\u00ed fawn \u2013 fena, narozena 2022<\/h4>\t\t\t\t<\/div>\n\t\t\t\t<div class=\"elementor-element elementor-element-8469a37 elementor-widget elementor-widget-text-editor\" data-id=\"8469a37\" data-element_type=\"widget\" data-widget_type=\"text-editor.default\">\n\t\t\t\t\t\t\t\t\t<p>Beru\u0161ku jsme po\u0159\u00eddili pro na\u0161eho nejmlad\u0161\u00edho syna a byla to skv\u011bl\u00e1 volba. Dokonale zapadla do sme\u010dky a synovi je v\u00fdbornou par\u0165a\u010dkou. Spole\u010dn\u011b rekrea\u010dn\u011b b\u011bhaj\u00ed agility, co\u017e oba bav\u00ed. Beru\u0161ka je nad\u0161en\u00e1 aport\u00e9rka \u2013 m\u00ed\u010dky a l\u00e9taj\u00edc\u00ed tal\u00ed\u0159e jsou jej\u00ed nejobl\u00edben\u011bj\u0161\u00ed odm\u011bny. Na podzim 2024 splnila ve\u0161ker\u00e9 podm\u00ednky pro chovnost a nyn\u00ed pl\u00e1nujeme jej\u00ed prvn\u00ed kryt\u00ed.<\/p>\t\t\t\t\t\t\t\t<\/div>\n\t\t\t\t<div class=\"elementor-element elementor-element-7c1a98c elementor-widget elementor-widget-spacer\" data-id=\"7c1a98c\" data-element_type=\"widget\" data-widget_type=\"spacer.default\">\n\t\t\t\t\t\t\t<div class=\"elementor-spacer\">\n\t\t\t<div class=\"elementor-spacer-inner\"><\/div>\n\t\t<\/div>\n\t\t\t\t\t\t<\/div>\n\t\t\t\t<section class=\"elementor-section elementor-inner-section elementor-element elementor-element-914eb31 elementor-section-boxed elementor-section-height-default elementor-section-height-default\" data-id=\"914eb31\" data-element_type=\"section\">\n\t\t\t\t\t\t<div class=\"elementor-container elementor-column-gap-default\">\n\t\t\t\t\t<div class=\"elementor-column elementor-col-33 elementor-inner-column elementor-element elementor-element-44f9e4b\" data-id=\"44f9e4b\" data-element_type=\"column\">\n\t\t\t<div class=\"elementor-widget-wrap elementor-element-populated\">\n\t\t\t\t\t\t<div class=\"elementor-element elementor-element-558bb8f elementor-widget elementor-widget-text-editor\" data-id=\"558bb8f\" data-element_type=\"widget\" data-widget_type=\"text-editor.default\">\n\t\t\t\t\t\t\t\t\t<p><strong>Narozena:<\/strong> 28.8.2022<br \/><strong>Bonitace:<\/strong> chovn\u00e1<br \/><strong>V\u00fd\u0161ka:<\/strong> 38,5 cm<br \/><strong>LP:<\/strong>\u00a00\/0<br \/><strong>DKK:<\/strong>\u00a0A<br \/><strong>DKL:<\/strong> 0\/0<\/p>\t\t\t\t\t\t\t\t<\/div>\n\t\t\t\t\t<\/div>\n\t\t<\/div>\n\t\t\t\t<div class=\"elementor-column elementor-col-66 elementor-inner-column elementor-element elementor-element-01c749a\" data-id=\"01c749a\" data-element_type=\"column\">\n\t\t\t<div class=\"elementor-widget-wrap elementor-element-populated\">\n\t\t\t\t\t\t<div class=\"elementor-element elementor-element-49c1092 elementor-widget elementor-widget-text-editor\" data-id=\"49c1092\" data-element_type=\"widget\" data-widget_type=\"text-editor.default\">\n\t\t\t\t\t\t\t\t\t<p><strong>Oftalmologick\u00e9 o\u010dn\u00ed vy\u0161et\u0159en\u00ed:<\/strong> \u010dist\u00e9<br \/><strong>Von Willebrandova nemoc, typ I (vWD I):<\/strong>\u00a0N\/N (\u010dist\u00e9)<br \/><strong>Vy\u0161et\u0159en\u00ed prcd-PRA:\u00a0<\/strong>N\/N (\u010dist\u00e9)<br \/><strong>Degenerativn\u00ed Myelopatie (DM):<\/strong>\u00a0N\/N (\u010dist\u00e9)<br \/><strong>Neonat\u00e1ln\u00ed encefalopatie (NEWS):<\/strong>\u00a0N\/N (\u010dist\u00e9)<br \/><strong>rcd4-PRA:<\/strong>\u00a0N\/N (\u010dist\u00e9)<\/p>\t\t\t\t\t\t\t\t<\/div>\n\t\t\t\t\t<\/div>\n\t\t<\/div>\n\t\t\t\t\t<\/div>\n\t\t<\/section>\n\t\t\t\t\t<\/div>\n\t\t<\/div>\n\t\t\t\t\t<\/div>\n\t\t<\/section>\n\t\t\t\t<section class=\"elementor-section elementor-top-section elementor-element elementor-element-e55b633 elementor-section-boxed elementor-section-height-default elementor-section-height-default\" data-id=\"e55b633\" data-element_type=\"section\">\n\t\t\t\t\t\t<div class=\"elementor-container elementor-column-gap-default\">\n\t\t\t\t\t<div class=\"elementor-column elementor-col-66 elementor-top-column elementor-element elementor-element-23bf45a\" data-id=\"23bf45a\" data-element_type=\"column\">\n\t\t\t<div class=\"elementor-widget-wrap elementor-element-populated\">\n\t\t\t\t\t\t<div class=\"elementor-element elementor-element-f353a76 elementor-widget elementor-widget-heading\" data-id=\"f353a76\" data-element_type=\"widget\" data-widget_type=\"heading.default\">\n\t\t\t\t\t<h2 class=\"elementor-heading-title elementor-size-default\">Alya Elen Dea Laurencia<\/h2>\t\t\t\t<\/div>\n\t\t\t\t<div class=\"elementor-element elementor-element-4594a52 elementor-widget elementor-widget-heading\" data-id=\"4594a52\" data-element_type=\"widget\" data-widget_type=\"heading.default\">\n\t\t\t\t\t<h4 class=\"elementor-heading-title elementor-size-default\">Pudl, st\u0159edn\u00ed fawn \u2013 fena, narozena 2018<\/h4>\t\t\t\t<\/div>\n\t\t\t\t<div class=\"elementor-element elementor-element-0a7ea17 elementor-widget elementor-widget-text-editor\" data-id=\"0a7ea17\" data-element_type=\"widget\" data-widget_type=\"text-editor.default\">\n\t\t\t\t\t\t\t\t\t<p>Alenka z\u016fstala doma jako pokra\u010dovatelka rodu a dal\u0161\u00ed \u010dlen na\u0161\u00ed sme\u010dky. Je temperamentn\u00ed, u\u010denliv\u00e1 a m\u00e1 smysl pro humor i ta\u0161ka\u0159ice. Nejv\u00edce si rozum\u00ed se sv\u00fdm \u201ebr\u00e1\u0161kou\u201c Cip\u00edskem \u2013 jejich honi\u010dky a hry jsou nekone\u010dnou z\u00e1bavou pro celou rodinu. Po tat\u00ednkovi zd\u011bdila \u00fa\u017easnou rychlost, kter\u00e1 n\u00e1s ob\u010das p\u0159ekvap\u00ed. M\u00e1 za sebou u\u017e dva \u00fasp\u011b\u0161n\u00e9 vrhy.<\/p>\t\t\t\t\t\t\t\t<\/div>\n\t\t\t\t<div class=\"elementor-element elementor-element-fc7c096 elementor-widget elementor-widget-spacer\" data-id=\"fc7c096\" data-element_type=\"widget\" data-widget_type=\"spacer.default\">\n\t\t\t\t\t\t\t<div class=\"elementor-spacer\">\n\t\t\t<div class=\"elementor-spacer-inner\"><\/div>\n\t\t<\/div>\n\t\t\t\t\t\t<\/div>\n\t\t\t\t<section class=\"elementor-section elementor-inner-section elementor-element elementor-element-b022488 elementor-section-boxed elementor-section-height-default elementor-section-height-default\" data-id=\"b022488\" data-element_type=\"section\">\n\t\t\t\t\t\t<div class=\"elementor-container elementor-column-gap-default\">\n\t\t\t\t\t<div class=\"elementor-column elementor-col-50 elementor-inner-column elementor-element elementor-element-8dd5258\" data-id=\"8dd5258\" data-element_type=\"column\">\n\t\t\t<div class=\"elementor-widget-wrap elementor-element-populated\">\n\t\t\t\t\t\t<div class=\"elementor-element elementor-element-bbaf7f5 elementor-widget elementor-widget-text-editor\" data-id=\"bbaf7f5\" data-element_type=\"widget\" data-widget_type=\"text-editor.default\">\n\t\t\t\t\t\t\t\t\t<p><strong>Narozena:<\/strong> 12. 6. 2018<\/p>\t\t\t\t\t\t\t\t<\/div>\n\t\t\t\t\t<\/div>\n\t\t<\/div>\n\t\t\t\t<div class=\"elementor-column elementor-col-50 elementor-inner-column elementor-element elementor-element-d46efde\" data-id=\"d46efde\" data-element_type=\"column\">\n\t\t\t<div class=\"elementor-widget-wrap elementor-element-populated\">\n\t\t\t\t\t\t<div class=\"elementor-element elementor-element-f62c36b elementor-widget elementor-widget-text-editor\" data-id=\"f62c36b\" data-element_type=\"widget\" data-widget_type=\"text-editor.default\">\n\t\t\t\t\t\t\t\t\t<p>Mlad\u00e1 \u0161ampionka CZ<br \/>BOJ<br \/>BOS<\/p>\t\t\t\t\t\t\t\t<\/div>\n\t\t\t\t\t<\/div>\n\t\t<\/div>\n\t\t\t\t\t<\/div>\n\t\t<\/section>\n\t\t\t\t\t<\/div>\n\t\t<\/div>\n\t\t\t\t<div class=\"elementor-column elementor-col-33 elementor-top-column elementor-element elementor-element-902e86e\" data-id=\"902e86e\" data-element_type=\"column\">\n\t\t\t<div class=\"elementor-widget-wrap elementor-element-populated\">\n\t\t\t\t\t\t<div class=\"elementor-element elementor-element-64b90e2 elementor-widget elementor-widget-image\" data-id=\"64b90e2\" data-element_type=\"widget\" data-widget_type=\"image.default\">\n\t\t\t\t\t\t\t\t\t\t\t\t\t\t\t<img decoding=\"async\" width=\"420\" height=\"512\" src=\"http:\/\/dealaurencia.cz\/pets\/wp-content\/uploads\/2018\/06\/217f5eef-56c6-4d2f-9e1d-0fd26aaf2c84-e1744214563110.png\" class=\"attachment-large size-large wp-image-927\" alt=\"\" srcset=\"http:\/\/dealaurencia.cz\/pets\/wp-content\/uploads\/2018\/06\/217f5eef-56c6-4d2f-9e1d-0fd26aaf2c84-e1744214563110.png 420w, http:\/\/dealaurencia.cz\/pets\/wp-content\/uploads\/2018\/06\/217f5eef-56c6-4d2f-9e1d-0fd26aaf2c84-e1744214563110-246x300.png 246w\" sizes=\"(max-width: 420px) 100vw, 420px\" \/>\t\t\t\t\t\t\t\t\t\t\t\t\t\t\t<\/div>\n\t\t\t\t\t<\/div>\n\t\t<\/div>\n\t\t\t\t\t<\/div>\n\t\t<\/section>\n\t\t\t\t<section class=\"elementor-section elementor-top-section elementor-element elementor-element-86a7d08 elementor-section-boxed elementor-section-height-default elementor-section-height-default\" data-id=\"86a7d08\" data-element_type=\"section\">\n\t\t\t\t\t\t<div class=\"elementor-container elementor-column-gap-default\">\n\t\t\t\t\t<div class=\"elementor-column elementor-col-33 elementor-top-column elementor-element elementor-element-3f0b0f1\" data-id=\"3f0b0f1\" data-element_type=\"column\">\n\t\t\t<div class=\"elementor-widget-wrap elementor-element-populated\">\n\t\t\t\t\t\t<div class=\"elementor-element elementor-element-71c9b19 elementor-widget elementor-widget-image\" data-id=\"71c9b19\" data-element_type=\"widget\" data-widget_type=\"image.default\">\n\t\t\t\t\t\t\t\t\t\t\t\t\t\t\t<img decoding=\"async\" width=\"683\" height=\"1024\" src=\"http:\/\/dealaurencia.cz\/pets\/wp-content\/uploads\/2018\/06\/MG_5666-683x1024.jpg\" class=\"attachment-large size-large wp-image-91\" alt=\"\" srcset=\"http:\/\/dealaurencia.cz\/pets\/wp-content\/uploads\/2018\/06\/MG_5666-683x1024.jpg 683w, http:\/\/dealaurencia.cz\/pets\/wp-content\/uploads\/2018\/06\/MG_5666-200x300.jpg 200w, http:\/\/dealaurencia.cz\/pets\/wp-content\/uploads\/2018\/06\/MG_5666-768x1152.jpg 768w, http:\/\/dealaurencia.cz\/pets\/wp-content\/uploads\/2018\/06\/MG_5666.jpg 1728w\" sizes=\"(max-width: 683px) 100vw, 683px\" \/>\t\t\t\t\t\t\t\t\t\t\t\t\t\t\t<\/div>\n\t\t\t\t\t<\/div>\n\t\t<\/div>\n\t\t\t\t<div class=\"elementor-column elementor-col-66 elementor-top-column elementor-element elementor-element-d878792\" data-id=\"d878792\" data-element_type=\"column\">\n\t\t\t<div class=\"elementor-widget-wrap elementor-element-populated\">\n\t\t\t\t\t\t<div class=\"elementor-element elementor-element-7f7a15a elementor-widget elementor-widget-heading\" data-id=\"7f7a15a\" data-element_type=\"widget\" data-widget_type=\"heading.default\">\n\t\t\t\t\t<h2 class=\"elementor-heading-title elementor-size-default\">JCh. Aglaia Sofia Paganiniho symfonie<\/h2>\t\t\t\t<\/div>\n\t\t\t\t<div class=\"elementor-element elementor-element-2417130 elementor-widget elementor-widget-heading\" data-id=\"2417130\" data-element_type=\"widget\" data-widget_type=\"heading.default\">\n\t\t\t\t\t<h4 class=\"elementor-heading-title elementor-size-default\">Pudl, st\u0159edn\u00ed fawn \u2013 fena, narozena 2014<\/h4>\t\t\t\t<\/div>\n\t\t\t\t<div class=\"elementor-element elementor-element-97c1299 elementor-widget elementor-widget-text-editor\" data-id=\"97c1299\" data-element_type=\"widget\" data-widget_type=\"text-editor.default\">\n\t\t\t\t\t\t\t\t\t<p>Na\u0161e pan\u00edm\u00e1ma Sofi je vesel\u00e1 a empatick\u00e1 fenka, kter\u00e1 si moment\u00e1ln\u011b u\u017e\u00edv\u00e1 d\u016fchod a zaslou\u017een\u00e9 rozmazlov\u00e1n\u00ed. Temperament a radost ze \u017eivota j\u00ed v\u0161ak rozhodn\u011b nechyb\u00ed. St\u00e1le aktivn\u011b doch\u00e1z\u00ed na canisterapii do Nemocnice Motol, kde rozd\u00e1v\u00e1 radost a pohodu.<\/p>\t\t\t\t\t\t\t\t<\/div>\n\t\t\t\t<div class=\"elementor-element elementor-element-fe53bc9 elementor-widget elementor-widget-spacer\" data-id=\"fe53bc9\" data-element_type=\"widget\" data-widget_type=\"spacer.default\">\n\t\t\t\t\t\t\t<div class=\"elementor-spacer\">\n\t\t\t<div class=\"elementor-spacer-inner\"><\/div>\n\t\t<\/div>\n\t\t\t\t\t\t<\/div>\n\t\t\t\t<section class=\"elementor-section elementor-inner-section elementor-element elementor-element-6b7ab60 elementor-section-boxed elementor-section-height-default elementor-section-height-default\" data-id=\"6b7ab60\" data-element_type=\"section\">\n\t\t\t\t\t\t<div class=\"elementor-container elementor-column-gap-default\">\n\t\t\t\t\t<div class=\"elementor-column elementor-col-50 elementor-inner-column elementor-element elementor-element-f47f9ac\" data-id=\"f47f9ac\" data-element_type=\"column\">\n\t\t\t<div class=\"elementor-widget-wrap elementor-element-populated\">\n\t\t\t\t\t\t<div class=\"elementor-element elementor-element-bafd429 elementor-widget elementor-widget-text-editor\" data-id=\"bafd429\" data-element_type=\"widget\" data-widget_type=\"text-editor.default\">\n\t\t\t\t\t\t\t\t\t<p><strong>Narozena:<\/strong> 16. 5. 2014<br \/><strong>V\u00fd\u0161ka:<\/strong> 40,5 cm<br \/><strong>Patella:<\/strong> 0\/0<br \/><strong>T.A.N. test:<\/strong> 10\/10 (pln\u00fd po\u010det bod\u016f)<br \/><strong>DOV:<\/strong> prost\u00e1 (10. 7. 2015)<br \/><strong>prcd-PRA (Genomia):<\/strong> B\/Carrier<\/p>\t\t\t\t\t\t\t\t<\/div>\n\t\t\t\t\t<\/div>\n\t\t<\/div>\n\t\t\t\t<div class=\"elementor-column elementor-col-50 elementor-inner-column elementor-element elementor-element-9d065a4\" data-id=\"9d065a4\" data-element_type=\"column\">\n\t\t\t<div class=\"elementor-widget-wrap elementor-element-populated\">\n\t\t\t\t\t\t<div class=\"elementor-element elementor-element-54f0347 elementor-widget elementor-widget-text-editor\" data-id=\"54f0347\" data-element_type=\"widget\" data-widget_type=\"text-editor.default\">\n\t\t\t\t\t\t\t\t\t<p>Dorost \u0161ampionka KPaCHP<br \/>\u010cesk\u00e1 Junior\u0161ampionka<br \/>Best of Junior<br \/>Mlad\u00e1 klubov\u00e1 v\u00edt\u011bzka<br \/>CAJC<br \/>CA<\/p>\t\t\t\t\t\t\t\t<\/div>\n\t\t\t\t\t<\/div>\n\t\t<\/div>\n\t\t\t\t\t<\/div>\n\t\t<\/section>\n\t\t\t\t\t<\/div>\n\t\t<\/div>\n\t\t\t\t\t<\/div>\n\t\t<\/section>\n\t\t\t\t<section class=\"elementor-section elementor-top-section elementor-element elementor-element-70db49f elementor-section-boxed elementor-section-height-default elementor-section-height-default\" data-id=\"70db49f\" data-element_type=\"section\">\n\t\t\t\t\t\t<div class=\"elementor-container elementor-column-gap-default\">\n\t\t\t\t\t<div class=\"elementor-column elementor-col-66 elementor-top-column elementor-element elementor-element-09905c2\" data-id=\"09905c2\" data-element_type=\"column\">\n\t\t\t<div class=\"elementor-widget-wrap elementor-element-populated\">\n\t\t\t\t\t\t<div class=\"elementor-element elementor-element-bf5c67d elementor-widget elementor-widget-heading\" data-id=\"bf5c67d\" data-element_type=\"widget\" data-widget_type=\"heading.default\">\n\t\t\t\t\t<h2 class=\"elementor-heading-title elementor-size-default\">Cyprian Paganiniho Symfonie<\/h2>\t\t\t\t<\/div>\n\t\t\t\t<div class=\"elementor-element elementor-element-13693d4 elementor-widget elementor-widget-heading\" data-id=\"13693d4\" data-element_type=\"widget\" data-widget_type=\"heading.default\">\n\t\t\t\t\t<h4 class=\"elementor-heading-title elementor-size-default\">Pudl, st\u0159edn\u00ed fawn \u2013 pes, narozen 2017<\/h4>\t\t\t\t<\/div>\n\t\t\t\t<div class=\"elementor-element elementor-element-26aac11 elementor-widget elementor-widget-text-editor\" data-id=\"26aac11\" data-element_type=\"widget\" data-widget_type=\"text-editor.default\">\n\t\t\t\t\t\t\t\t\t<p>Cip\u00edsek, jak mu \u0159\u00edk\u00e1me, je syn na\u0161\u00ed Sofi a velmi temperamentn\u00ed pejsek pln\u00fd neutuchaj\u00edc\u00edho nad\u0161en\u00ed. Miluje lidi a m\u00e1 pocit, \u017ee v\u0161ichni jsou tady jen pro n\u011bj. Jeho energie a chu\u0165 plnit \u00fakoly jsou naka\u017eliv\u00e9. I on chod\u00ed na canisterapii do Motola, kde sv\u00fdm el\u00e1nem zlep\u0161uje n\u00e1ladu pacient\u016fm.<\/p>\t\t\t\t\t\t\t\t<\/div>\n\t\t\t\t<div class=\"elementor-element elementor-element-8f5e437 elementor-widget elementor-widget-spacer\" data-id=\"8f5e437\" data-element_type=\"widget\" data-widget_type=\"spacer.default\">\n\t\t\t\t\t\t\t<div class=\"elementor-spacer\">\n\t\t\t<div class=\"elementor-spacer-inner\"><\/div>\n\t\t<\/div>\n\t\t\t\t\t\t<\/div>\n\t\t\t\t<section class=\"elementor-section elementor-inner-section elementor-element elementor-element-ed4c2f6 elementor-section-boxed elementor-section-height-default elementor-section-height-default\" data-id=\"ed4c2f6\" data-element_type=\"section\">\n\t\t\t\t\t\t<div class=\"elementor-container elementor-column-gap-default\">\n\t\t\t\t\t<div class=\"elementor-column elementor-col-50 elementor-inner-column elementor-element elementor-element-bc54216\" data-id=\"bc54216\" data-element_type=\"column\">\n\t\t\t<div class=\"elementor-widget-wrap elementor-element-populated\">\n\t\t\t\t\t\t<div class=\"elementor-element elementor-element-4d84e25 elementor-widget elementor-widget-text-editor\" data-id=\"4d84e25\" data-element_type=\"widget\" data-widget_type=\"text-editor.default\">\n\t\t\t\t\t\t\t\t\t<p><strong>Narozen:<\/strong> 20. 3. 2017<\/p>\t\t\t\t\t\t\t\t<\/div>\n\t\t\t\t\t<\/div>\n\t\t<\/div>\n\t\t\t\t<div class=\"elementor-column elementor-col-50 elementor-inner-column elementor-element elementor-element-f2d0d6c\" data-id=\"f2d0d6c\" data-element_type=\"column\">\n\t\t\t<div class=\"elementor-widget-wrap\">\n\t\t\t\t\t\t\t<\/div>\n\t\t<\/div>\n\t\t\t\t\t<\/div>\n\t\t<\/section>\n\t\t\t\t\t<\/div>\n\t\t<\/div>\n\t\t\t\t<div class=\"elementor-column elementor-col-33 elementor-top-column elementor-element elementor-element-471c3fd\" data-id=\"471c3fd\" data-element_type=\"column\">\n\t\t\t<div class=\"elementor-widget-wrap elementor-element-populated\">\n\t\t\t\t\t\t<div class=\"elementor-element elementor-element-5a8f46d elementor-widget elementor-widget-image\" data-id=\"5a8f46d\" data-element_type=\"widget\" data-widget_type=\"image.default\">\n\t\t\t\t\t\t\t\t\t\t\t\t\t\t\t<img loading=\"lazy\" decoding=\"async\" width=\"694\" height=\"1024\" src=\"http:\/\/dealaurencia.cz\/pets\/wp-content\/uploads\/2025\/04\/IMG_20221224_173721-1-scaled-e1744215716185-694x1024.jpg\" class=\"attachment-large size-large wp-image-929\" alt=\"\" srcset=\"http:\/\/dealaurencia.cz\/pets\/wp-content\/uploads\/2025\/04\/IMG_20221224_173721-1-scaled-e1744215716185-694x1024.jpg 694w, http:\/\/dealaurencia.cz\/pets\/wp-content\/uploads\/2025\/04\/IMG_20221224_173721-1-scaled-e1744215716185-203x300.jpg 203w, http:\/\/dealaurencia.cz\/pets\/wp-content\/uploads\/2025\/04\/IMG_20221224_173721-1-scaled-e1744215716185-768x1133.jpg 768w, http:\/\/dealaurencia.cz\/pets\/wp-content\/uploads\/2025\/04\/IMG_20221224_173721-1-scaled-e1744215716185-1041x1536.jpg 1041w, http:\/\/dealaurencia.cz\/pets\/wp-content\/uploads\/2025\/04\/IMG_20221224_173721-1-scaled-e1744215716185-1388x2048.jpg 1388w, http:\/\/dealaurencia.cz\/pets\/wp-content\/uploads\/2025\/04\/IMG_20221224_173721-1-scaled-e1744215716185.jpg 1600w\" sizes=\"(max-width: 694px) 100vw, 694px\" \/>\t\t\t\t\t\t\t\t\t\t\t\t\t\t\t<\/div>\n\t\t\t\t\t<\/div>\n\t\t<\/div>\n\t\t\t\t\t<\/div>\n\t\t<\/section>\n\t\t\t\t<\/div>\n\t\t","protected":false},"excerpt":{"rendered":"<p>Brixie Mountain Phoenix Pudl, st\u0159edn\u00ed fawn \u2013 fena, narozena 2022 Beru\u0161ku jsme po\u0159\u00eddili pro na\u0161eho nejmlad\u0161\u00edho syna a byla to skv\u011bl\u00e1 volba. Dokonale zapadla do sme\u010dky a synovi je v\u00fdbornou par\u0165a\u010dkou. Spole\u010dn\u011b rekrea\u010dn\u011b b\u011bhaj\u00ed agility, co\u017e oba bav\u00ed. Beru\u0161ka je nad\u0161en\u00e1 aport\u00e9rka \u2013 m\u00ed\u010dky a l\u00e9taj\u00edc\u00ed tal\u00ed\u0159e jsou jej\u00ed nejobl\u00edben\u011bj\u0161\u00ed odm\u011bny. Na podzim 2024 splnila &#8230;<\/p>\n","protected":false},"author":1,"featured_media":0,"parent":0,"menu_order":0,"comment_status":"closed","ping_status":"closed","template":"elementor_header_footer","meta":{"jetpack_post_was_ever_published":false,"footnotes":""},"class_list":["post-49","page","type-page","status-publish"],"jetpack_sharing_enabled":true,"jetpack_shortlink":"https:\/\/wp.me\/P9XuRR-N","_links":{"self":[{"href":"https:\/\/dealaurencia.cz\/pets\/wp-json\/wp\/v2\/pages\/49","targetHints":{"allow":["GET"]}}],"collection":[{"href":"https:\/\/dealaurencia.cz\/pets\/wp-json\/wp\/v2\/pages"}],"about":[{"href":"https:\/\/dealaurencia.cz\/pets\/wp-json\/wp\/v2\/types\/page"}],"author":[{"embeddable":true,"href":"https:\/\/dealaurencia.cz\/pets\/wp-json\/wp\/v2\/users\/1"}],"replies":[{"embeddable":true,"href":"https:\/\/dealaurencia.cz\/pets\/wp-json\/wp\/v2\/comments?post=49"}],"version-history":[{"count":38,"href":"https:\/\/dealaurencia.cz\/pets\/wp-json\/wp\/v2\/pages\/49\/revisions"}],"predecessor-version":[{"id":935,"href":"https:\/\/dealaurencia.cz\/pets\/wp-json\/wp\/v2\/pages\/49\/revisions\/935"}],"wp:attachment":[{"href":"https:\/\/dealaurencia.cz\/pets\/wp-json\/wp\/v2\/media?parent=49"}],"curies":[{"name":"wp","href":"https:\/\/api.w.org\/{rel}","templated":true}]}}