{"id":186,"date":"2018-07-10T21:46:48","date_gmt":"2018-07-10T19:46:48","guid":{"rendered":"http:\/\/dealaurencia.cz\/pets\/?page_id=186"},"modified":"2021-11-14T21:01:29","modified_gmt":"2021-11-14T20:01:29","slug":"vrh-c","status":"publish","type":"page","link":"https:\/\/dealaurencia.cz\/pets\/stenata\/vrh-c\/","title":{"rendered":"Vrh C (2017)"},"content":{"rendered":"\t\t<div data-elementor-type=\"wp-page\" data-elementor-id=\"186\" class=\"elementor elementor-186 elementor-bc-flex-widget\" data-elementor-post-type=\"page\">\n\t\t\t\t\t\t<section class=\"elementor-section elementor-top-section elementor-element elementor-element-2d804024 elementor-section-boxed elementor-section-height-default elementor-section-height-default\" data-id=\"2d804024\" data-element_type=\"section\">\n\t\t\t\t\t\t<div class=\"elementor-container elementor-column-gap-default\">\n\t\t\t\t\t<div class=\"elementor-column elementor-col-100 elementor-top-column elementor-element elementor-element-7a36f7ae\" data-id=\"7a36f7ae\" data-element_type=\"column\">\n\t\t\t<div class=\"elementor-widget-wrap elementor-element-populated\">\n\t\t\t\t\t\t<div class=\"elementor-element elementor-element-603410c elementor-widget elementor-widget-heading\" data-id=\"603410c\" data-element_type=\"widget\" data-widget_type=\"heading.default\">\n\t\t\t\t\t<h2 class=\"elementor-heading-title elementor-size-default\">Prvn\u00ed vrh byl&nbsp;za\u0161t\u00edt\u011bn chovatelskou stanic\u00ed Paganiniho symfonie, ze kter\u00e9 Sofi poch\u00e1z\u00ed.<\/h2>\t\t\t\t<\/div>\n\t\t\t\t\t<\/div>\n\t\t<\/div>\n\t\t\t\t\t<\/div>\n\t\t<\/section>\n\t\t\t\t<section class=\"elementor-section elementor-top-section elementor-element elementor-element-3968b02 elementor-section-boxed elementor-section-height-default elementor-section-height-default\" data-id=\"3968b02\" data-element_type=\"section\">\n\t\t\t\t\t\t<div class=\"elementor-container elementor-column-gap-default\">\n\t\t\t\t\t<div class=\"elementor-column elementor-col-100 elementor-top-column elementor-element elementor-element-eb399af\" data-id=\"eb399af\" data-element_type=\"column\">\n\t\t\t<div class=\"elementor-widget-wrap elementor-element-populated\">\n\t\t\t\t\t\t<section class=\"elementor-section elementor-inner-section elementor-element elementor-element-51e3298 elementor-section-boxed elementor-section-height-default elementor-section-height-default\" data-id=\"51e3298\" data-element_type=\"section\">\n\t\t\t\t\t\t<div class=\"elementor-container elementor-column-gap-default\">\n\t\t\t\t\t<div class=\"elementor-column elementor-col-50 elementor-inner-column elementor-element elementor-element-18b6a87\" data-id=\"18b6a87\" data-element_type=\"column\">\n\t\t\t<div class=\"elementor-widget-wrap elementor-element-populated\">\n\t\t\t\t\t\t<div class=\"elementor-element elementor-element-caf163e elementor-widget elementor-widget-image\" data-id=\"caf163e\" data-element_type=\"widget\" data-widget_type=\"image.default\">\n\t\t\t\t\t\t\t\t\t\t\t\t\t\t\t<img fetchpriority=\"high\" decoding=\"async\" width=\"729\" height=\"1024\" src=\"https:\/\/dealaurencia.cz\/pets\/wp-content\/uploads\/2018\/06\/Cipisek_02-729x1024.jpg\" class=\"attachment-large size-large wp-image-109\" alt=\"\" srcset=\"https:\/\/dealaurencia.cz\/pets\/wp-content\/uploads\/2018\/06\/Cipisek_02-729x1024.jpg 729w, https:\/\/dealaurencia.cz\/pets\/wp-content\/uploads\/2018\/06\/Cipisek_02-214x300.jpg 214w, https:\/\/dealaurencia.cz\/pets\/wp-content\/uploads\/2018\/06\/Cipisek_02-768x1078.jpg 768w, https:\/\/dealaurencia.cz\/pets\/wp-content\/uploads\/2018\/06\/Cipisek_02.jpg 956w\" sizes=\"(max-width: 729px) 100vw, 729px\" \/>\t\t\t\t\t\t\t\t\t\t\t\t\t\t\t<\/div>\n\t\t\t\t<div class=\"elementor-element elementor-element-066901e elementor-widget elementor-widget-heading\" data-id=\"066901e\" data-element_type=\"widget\" data-widget_type=\"heading.default\">\n\t\t\t\t\t<h2 class=\"elementor-heading-title elementor-size-default\">Cyprian Paganiniho Symfonie<\/h2>\t\t\t\t<\/div>\n\t\t\t\t\t<\/div>\n\t\t<\/div>\n\t\t\t\t<div class=\"elementor-column elementor-col-50 elementor-inner-column elementor-element elementor-element-68d4f24\" data-id=\"68d4f24\" data-element_type=\"column\">\n\t\t\t<div class=\"elementor-widget-wrap elementor-element-populated\">\n\t\t\t\t\t\t<div class=\"elementor-element elementor-element-2e23b19 elementor-widget elementor-widget-image\" data-id=\"2e23b19\" data-element_type=\"widget\" data-widget_type=\"image.default\">\n\t\t\t\t\t\t\t\t\t\t\t\t\t\t\t<img decoding=\"async\" width=\"448\" height=\"299\" src=\"https:\/\/dealaurencia.cz\/pets\/wp-content\/uploads\/2020\/04\/1052017-10.png\" class=\"attachment-large size-large wp-image-650\" alt=\"\" srcset=\"https:\/\/dealaurencia.cz\/pets\/wp-content\/uploads\/2020\/04\/1052017-10.png 448w, https:\/\/dealaurencia.cz\/pets\/wp-content\/uploads\/2020\/04\/1052017-10-300x200.png 300w\" sizes=\"(max-width: 448px) 100vw, 448px\" \/>\t\t\t\t\t\t\t\t\t\t\t\t\t\t\t<\/div>\n\t\t\t\t<div class=\"elementor-element elementor-element-0383f84 elementor-widget elementor-widget-heading\" data-id=\"0383f84\" data-element_type=\"widget\" data-widget_type=\"heading.default\">\n\t\t\t\t\t<h2 class=\"elementor-heading-title elementor-size-default\">Caspian Paganiniho symfonie<\/h2>\t\t\t\t<\/div>\n\t\t\t\t\t<\/div>\n\t\t<\/div>\n\t\t\t\t\t<\/div>\n\t\t<\/section>\n\t\t\t\t<section class=\"elementor-section elementor-inner-section elementor-element elementor-element-3b330bd elementor-section-boxed elementor-section-height-default elementor-section-height-default\" data-id=\"3b330bd\" data-element_type=\"section\">\n\t\t\t\t\t\t<div class=\"elementor-container elementor-column-gap-default\">\n\t\t\t\t\t<div class=\"elementor-column elementor-col-50 elementor-inner-column elementor-element elementor-element-485b462\" data-id=\"485b462\" data-element_type=\"column\">\n\t\t\t<div class=\"elementor-widget-wrap elementor-element-populated\">\n\t\t\t\t\t\t<div class=\"elementor-element elementor-element-8455af7 elementor-widget elementor-widget-spacer\" data-id=\"8455af7\" data-element_type=\"widget\" data-widget_type=\"spacer.default\">\n\t\t\t\t\t\t\t<div class=\"elementor-spacer\">\n\t\t\t<div class=\"elementor-spacer-inner\"><\/div>\n\t\t<\/div>\n\t\t\t\t\t\t<\/div>\n\t\t\t\t<div class=\"elementor-element elementor-element-6ecf95b elementor-widget elementor-widget-image\" data-id=\"6ecf95b\" data-element_type=\"widget\" data-widget_type=\"image.default\">\n\t\t\t\t\t\t\t\t\t\t\t\t\t\t\t<img decoding=\"async\" width=\"276\" height=\"207\" src=\"https:\/\/dealaurencia.cz\/pets\/wp-content\/uploads\/2020\/04\/vrhCbaldwin.jpg\" class=\"attachment-large size-large wp-image-644\" alt=\"\" \/>\t\t\t\t\t\t\t\t\t\t\t\t\t\t\t<\/div>\n\t\t\t\t<div class=\"elementor-element elementor-element-85b32ea elementor-widget elementor-widget-spacer\" data-id=\"85b32ea\" data-element_type=\"widget\" data-widget_type=\"spacer.default\">\n\t\t\t\t\t\t\t<div class=\"elementor-spacer\">\n\t\t\t<div class=\"elementor-spacer-inner\"><\/div>\n\t\t<\/div>\n\t\t\t\t\t\t<\/div>\n\t\t\t\t<div class=\"elementor-element elementor-element-3d91fd6 elementor-widget elementor-widget-heading\" data-id=\"3d91fd6\" data-element_type=\"widget\" data-widget_type=\"heading.default\">\n\t\t\t\t\t<h2 class=\"elementor-heading-title elementor-size-default\">Ch. Baldwin Crispans<\/h2>\t\t\t\t<\/div>\n\t\t\t\t<div class=\"elementor-element elementor-element-6743ab3 elementor-widget elementor-widget-text-editor\" data-id=\"6743ab3\" data-element_type=\"widget\" data-widget_type=\"text-editor.default\">\n\t\t\t\t\t\t\t\t\t<p style=\"text-align: center;\">v\u00fd\u0161ka: 38cm<br \/>prcd-PRA (Labokli): A\/Clear<br \/>patella: st. 1<\/p><p style=\"text-align: center;\">Slovensk\u00fd \u0161ampion kr\u00e1sy mlad\u00fdch<br \/>Slovensk\u00fd \u0161ampion kr\u00e1sy<br \/>Slovensk\u00fd Grand\u0161ampion<br \/>\u010cesk\u00fd \u0161ampion<br \/>&#8222;Inter\u0161ampion&#8220;<br \/>Derby Winner 2014<br \/>Grand Prix Slovakia Junior Winner 2014<br \/>Primus Junior 2014<br \/>V\u00edt\u011bz mlad\u00fdch 2014<br \/>Cruft kvalifikace 2014<br \/>Klubov\u00fd v\u00edt\u011bz<\/p>\t\t\t\t\t\t\t\t<\/div>\n\t\t\t\t\t<\/div>\n\t\t<\/div>\n\t\t\t\t<div class=\"elementor-column elementor-col-50 elementor-inner-column elementor-element elementor-element-031afc5\" data-id=\"031afc5\" data-element_type=\"column\">\n\t\t\t<div class=\"elementor-widget-wrap elementor-element-populated\">\n\t\t\t\t\t\t<div class=\"elementor-element elementor-element-9beff3d elementor-widget elementor-widget-image\" data-id=\"9beff3d\" data-element_type=\"widget\" data-widget_type=\"image.default\">\n\t\t\t\t\t\t\t\t\t\t\t\t\t\t\t<img loading=\"lazy\" decoding=\"async\" width=\"1024\" height=\"682\" src=\"https:\/\/dealaurencia.cz\/pets\/wp-content\/uploads\/2018\/07\/Sofie-1024x682.jpg\" class=\"attachment-large size-large wp-image-400\" alt=\"\" srcset=\"https:\/\/dealaurencia.cz\/pets\/wp-content\/uploads\/2018\/07\/Sofie-1024x682.jpg 1024w, https:\/\/dealaurencia.cz\/pets\/wp-content\/uploads\/2018\/07\/Sofie-300x200.jpg 300w, https:\/\/dealaurencia.cz\/pets\/wp-content\/uploads\/2018\/07\/Sofie-768x512.jpg 768w, https:\/\/dealaurencia.cz\/pets\/wp-content\/uploads\/2018\/07\/Sofie.jpg 1280w\" sizes=\"(max-width: 1024px) 100vw, 1024px\" \/>\t\t\t\t\t\t\t\t\t\t\t\t\t\t\t<\/div>\n\t\t\t\t<div class=\"elementor-element elementor-element-b11b463 elementor-widget elementor-widget-spacer\" data-id=\"b11b463\" data-element_type=\"widget\" data-widget_type=\"spacer.default\">\n\t\t\t\t\t\t\t<div class=\"elementor-spacer\">\n\t\t\t<div class=\"elementor-spacer-inner\"><\/div>\n\t\t<\/div>\n\t\t\t\t\t\t<\/div>\n\t\t\t\t<div class=\"elementor-element elementor-element-52833e9 elementor-widget elementor-widget-heading\" data-id=\"52833e9\" data-element_type=\"widget\" data-widget_type=\"heading.default\">\n\t\t\t\t\t<h2 class=\"elementor-heading-title elementor-size-default\">JCh. Aglaia Sofia Paganiniho symfonie<\/h2>\t\t\t\t<\/div>\n\t\t\t\t<div class=\"elementor-element elementor-element-c611ccb elementor-widget elementor-widget-text-editor\" data-id=\"c611ccb\" data-element_type=\"widget\" data-widget_type=\"text-editor.default\">\n\t\t\t\t\t\t\t\t\t<p style=\"text-align: center;\">Pudl, st\u0159edn\u00ed aprikot \u2013 fena<\/p><p style=\"text-align: center;\">narozena: 16.5.2014<\/p><p style=\"text-align: center;\">v\u00fd\u0161ka: 40,5cm<br \/>patella: 0\/0<br \/>T.A.N. test: 10\/10 (pln\u00fd po\u010det bod\u016f)<br \/>DOV: prost\u00e1 (10.7.2015)<br \/>prcd-PRA (Genomia): B\/Carrier<\/p><p style=\"text-align: center;\">Dorost \u0161ampionka KPaCHP<br \/>\u010cesk\u00e1 Junior\u0161ampionka<br \/>CAJC<br \/>Best of Junior<br \/>Mlad\u00e1 klubov\u00e1 v\u00edt\u011bzka<br \/>CAC<\/p><h5 style=\"text-align: center;\">RODI\u010cE<\/h5><div style=\"text-align: center;\">OTEC:<\/div><div style=\"text-align: center;\">Paganini Aureus Ytaner<\/div><div>\u00a0<\/div><div style=\"text-align: center;\">MATKA:<\/div><div style=\"text-align: center;\">Isis Dreamy Lady Teschiro<\/div>\t\t\t\t\t\t\t\t<\/div>\n\t\t\t\t\t<\/div>\n\t\t<\/div>\n\t\t\t\t\t<\/div>\n\t\t<\/section>\n\t\t\t\t\t<\/div>\n\t\t<\/div>\n\t\t\t\t\t<\/div>\n\t\t<\/section>\n\t\t\t\t<\/div>\n\t\t","protected":false},"excerpt":{"rendered":"<p>Prvn\u00ed vrh byl&nbsp;za\u0161t\u00edt\u011bn chovatelskou stanic\u00ed Paganiniho symfonie, ze kter\u00e9 Sofi poch\u00e1z\u00ed. Cyprian Paganiniho Symfonie Caspian Paganiniho symfonie Ch. Baldwin Crispans v\u00fd\u0161ka: 38cm prcd-PRA (Labokli): A\/Clear patella: st. 1 Slovensk\u00fd \u0161ampion kr\u00e1sy mlad\u00fdch Slovensk\u00fd \u0161ampion kr\u00e1sy Slovensk\u00fd Grand\u0161ampion \u010cesk\u00fd \u0161ampion &#8222;Inter\u0161ampion&#8220; Derby Winner 2014 Grand Prix Slovakia Junior Winner 2014 Primus Junior 2014 V\u00edt\u011bz mlad\u00fdch 2014 &#8230;<\/p>\n","protected":false},"author":1,"featured_media":0,"parent":55,"menu_order":1,"comment_status":"closed","ping_status":"closed","template":"elementor_header_footer","meta":{"jetpack_post_was_ever_published":false,"footnotes":""},"class_list":["post-186","page","type-page","status-publish"],"jetpack_sharing_enabled":true,"jetpack_shortlink":"https:\/\/wp.me\/P9XuRR-30","_links":{"self":[{"href":"https:\/\/dealaurencia.cz\/pets\/wp-json\/wp\/v2\/pages\/186","targetHints":{"allow":["GET"]}}],"collection":[{"href":"https:\/\/dealaurencia.cz\/pets\/wp-json\/wp\/v2\/pages"}],"about":[{"href":"https:\/\/dealaurencia.cz\/pets\/wp-json\/wp\/v2\/types\/page"}],"author":[{"embeddable":true,"href":"https:\/\/dealaurencia.cz\/pets\/wp-json\/wp\/v2\/users\/1"}],"replies":[{"embeddable":true,"href":"https:\/\/dealaurencia.cz\/pets\/wp-json\/wp\/v2\/comments?post=186"}],"version-history":[{"count":13,"href":"https:\/\/dealaurencia.cz\/pets\/wp-json\/wp\/v2\/pages\/186\/revisions"}],"predecessor-version":[{"id":757,"href":"https:\/\/dealaurencia.cz\/pets\/wp-json\/wp\/v2\/pages\/186\/revisions\/757"}],"up":[{"embeddable":true,"href":"https:\/\/dealaurencia.cz\/pets\/wp-json\/wp\/v2\/pages\/55"}],"wp:attachment":[{"href":"https:\/\/dealaurencia.cz\/pets\/wp-json\/wp\/v2\/media?parent=186"}],"curies":[{"name":"wp","href":"https:\/\/api.w.org\/{rel}","templated":true}]}}