{"id":61,"date":"2018-06-09T22:02:13","date_gmt":"2018-06-09T22:02:13","guid":{"rendered":"http:\/\/dealaurencia.cz\/pets\/?page_id=61"},"modified":"2025-03-26T18:07:29","modified_gmt":"2025-03-26T17:07:29","slug":"canisterapie","status":"publish","type":"page","link":"http:\/\/dealaurencia.cz\/pets\/canisterapie\/","title":{"rendered":"Canisterapie"},"content":{"rendered":"\t\t<div data-elementor-type=\"wp-post\" data-elementor-id=\"61\" class=\"elementor elementor-61\" data-elementor-post-type=\"page\">\n\t\t\t\t<div class=\"elementor-element elementor-element-06dbbe3 e-flex e-con-boxed e-con e-parent\" data-id=\"06dbbe3\" data-element_type=\"container\">\n\t\t\t\t\t<div class=\"e-con-inner\">\n\t\t\t\t<div class=\"elementor-element elementor-element-dc88395 elementor-widget elementor-widget-heading\" data-id=\"dc88395\" data-element_type=\"widget\" data-widget_type=\"heading.default\">\n\t\t\t\t\t<h1 class=\"elementor-heading-title elementor-size-default\">Canisterapie<\/h1>\t\t\t\t<\/div>\n\t\t\t\t<div class=\"elementor-element elementor-element-f29ef4f elementor-widget elementor-widget-text-editor\" data-id=\"f29ef4f\" data-element_type=\"widget\" data-widget_type=\"text-editor.default\">\n\t\t\t\t\t\t\t\t\t<p>S na\u0161imi pejsky se aktivn\u011b v\u011bnujeme canisterapii, p\u0159edev\u0161\u00edm v Nemocnici Motol.<\/p><p>\u2022 <strong>Sofi<\/strong> je klidn\u00e1 a rozumn\u00e1 fenka, kter\u00e1 r\u00e1da le\u017e\u00ed pacient\u016fm na kl\u00edn\u011b nebo vedle nich na l\u016f\u017eku. Za pohlazen\u00ed a pamlsek je v\u017edy vd\u011b\u010dn\u00e1.<br \/>\u2022 <strong>Cip\u00edsek<\/strong> miluje p\u0159edv\u00e1d\u011bn\u00ed trik\u016f, kter\u00e9 pacienty bav\u00ed a rozveseluj\u00ed. Odm\u011bna v podob\u011b pamlsku je pro n\u011bj jen p\u0159\u00edjemn\u00fdm bonusem.<br \/>\u2022 <strong>Alenka<\/strong> je ze v\u0161ech t\u0159\u00ed nejv\u011bt\u0161\u00ed skokanka a sv\u00e9 dovednosti s chut\u00ed ukazuje i b\u011bhem n\u00e1v\u0161t\u011bv v Motole.<\/p>\t\t\t\t\t\t\t\t<\/div>\n\t\t\t\t<div class=\"elementor-element elementor-element-fb826be elementor-widget elementor-widget-spacer\" data-id=\"fb826be\" data-element_type=\"widget\" data-widget_type=\"spacer.default\">\n\t\t\t\t\t\t\t<div class=\"elementor-spacer\">\n\t\t\t<div class=\"elementor-spacer-inner\"><\/div>\n\t\t<\/div>\n\t\t\t\t\t\t<\/div>\n\t\t\t\t\t<\/div>\n\t\t\t\t<\/div>\n\t\t<div class=\"elementor-element elementor-element-8ad3d60 e-flex e-con-boxed e-con e-parent\" data-id=\"8ad3d60\" data-element_type=\"container\">\n\t\t\t\t\t<div class=\"e-con-inner\">\n\t\t\t\t<div class=\"elementor-element elementor-element-75f41ca elementor-widget elementor-widget-gallery\" data-id=\"75f41ca\" data-element_type=\"widget\" data-settings=\"{&quot;gallery_layout&quot;:&quot;masonry&quot;,&quot;columns&quot;:3,&quot;gap&quot;:{&quot;unit&quot;:&quot;px&quot;,&quot;size&quot;:30,&quot;sizes&quot;:[]},&quot;lazyload&quot;:&quot;yes&quot;,&quot;columns_tablet&quot;:2,&quot;columns_mobile&quot;:1,&quot;gap_tablet&quot;:{&quot;unit&quot;:&quot;px&quot;,&quot;size&quot;:10,&quot;sizes&quot;:[]},&quot;gap_mobile&quot;:{&quot;unit&quot;:&quot;px&quot;,&quot;size&quot;:10,&quot;sizes&quot;:[]},&quot;link_to&quot;:&quot;file&quot;,&quot;overlay_background&quot;:&quot;yes&quot;,&quot;content_hover_animation&quot;:&quot;fade-in&quot;}\" data-widget_type=\"gallery.default\">\n\t\t\t\t\t\t\t<div class=\"elementor-gallery__container\">\n\t\t\t\t\t\t\t<a class=\"e-gallery-item elementor-gallery-item elementor-animated-content\" href=\"https:\/\/dealaurencia.cz\/pets\/wp-content\/uploads\/2020\/04\/20191205_142232.jpg\" data-elementor-open-lightbox=\"yes\" data-elementor-lightbox-slideshow=\"75f41ca\" data-elementor-lightbox-title=\"20191205_142232\" data-e-action-hash=\"#elementor-action%3Aaction%3Dlightbox%26settings%3DeyJpZCI6NjM2LCJ1cmwiOiJodHRwczpcL1wvZGVhbGF1cmVuY2lhLmN6XC9wZXRzXC93cC1jb250ZW50XC91cGxvYWRzXC8yMDIwXC8wNFwvMjAxOTEyMDVfMTQyMjMyLmpwZyIsInNsaWRlc2hvdyI6Ijc1ZjQxY2EifQ%3D%3D\">\n\t\t\t\t\t<div class=\"e-gallery-image elementor-gallery-item__image\" data-thumbnail=\"https:\/\/dealaurencia.cz\/pets\/wp-content\/uploads\/2020\/04\/20191205_142232-768x576.jpg\" data-width=\"768\" data-height=\"576\" aria-label=\"\" role=\"img\" ><\/div>\n\t\t\t\t\t\t\t\t\t\t\t<div class=\"elementor-gallery-item__overlay\"><\/div>\n\t\t\t\t\t\t\t\t\t\t\t\t\t\t<\/a>\n\t\t\t\t\t\t\t<a class=\"e-gallery-item elementor-gallery-item elementor-animated-content\" href=\"https:\/\/dealaurencia.cz\/pets\/wp-content\/uploads\/2020\/04\/20191205_160643-e1586008687408.jpg\" data-elementor-open-lightbox=\"yes\" data-elementor-lightbox-slideshow=\"75f41ca\" data-elementor-lightbox-title=\"20191205_160643\" data-e-action-hash=\"#elementor-action%3Aaction%3Dlightbox%26settings%3DeyJpZCI6NjM1LCJ1cmwiOiJodHRwczpcL1wvZGVhbGF1cmVuY2lhLmN6XC9wZXRzXC93cC1jb250ZW50XC91cGxvYWRzXC8yMDIwXC8wNFwvMjAxOTEyMDVfMTYwNjQzLWUxNTg2MDA4Njg3NDA4LmpwZyIsInNsaWRlc2hvdyI6Ijc1ZjQxY2EifQ%3D%3D\">\n\t\t\t\t\t<div class=\"e-gallery-image elementor-gallery-item__image\" data-thumbnail=\"https:\/\/dealaurencia.cz\/pets\/wp-content\/uploads\/2020\/04\/20191205_160643-e1586008687408-768x1024.jpg\" data-width=\"768\" data-height=\"1024\" aria-label=\"\" role=\"img\" ><\/div>\n\t\t\t\t\t\t\t\t\t\t\t<div class=\"elementor-gallery-item__overlay\"><\/div>\n\t\t\t\t\t\t\t\t\t\t\t\t\t\t<\/a>\n\t\t\t\t\t\t\t<a class=\"e-gallery-item elementor-gallery-item elementor-animated-content\" href=\"https:\/\/dealaurencia.cz\/pets\/wp-content\/uploads\/2018\/07\/20180503_152655-e1532873808257.jpg\" data-elementor-open-lightbox=\"yes\" data-elementor-lightbox-slideshow=\"75f41ca\" data-elementor-lightbox-title=\"20180503_152655\" data-e-action-hash=\"#elementor-action%3Aaction%3Dlightbox%26settings%3DeyJpZCI6NDMxLCJ1cmwiOiJodHRwczpcL1wvZGVhbGF1cmVuY2lhLmN6XC9wZXRzXC93cC1jb250ZW50XC91cGxvYWRzXC8yMDE4XC8wN1wvMjAxODA1MDNfMTUyNjU1LWUxNTMyODczODA4MjU3LmpwZyIsInNsaWRlc2hvdyI6Ijc1ZjQxY2EifQ%3D%3D\">\n\t\t\t\t\t<div class=\"e-gallery-image elementor-gallery-item__image\" data-thumbnail=\"https:\/\/dealaurencia.cz\/pets\/wp-content\/uploads\/2018\/07\/20180503_152655-e1532873808257-768x1024.jpg\" data-width=\"768\" data-height=\"1024\" aria-label=\"\" role=\"img\" ><\/div>\n\t\t\t\t\t\t\t\t\t\t\t<div class=\"elementor-gallery-item__overlay\"><\/div>\n\t\t\t\t\t\t\t\t\t\t\t\t\t\t<\/a>\n\t\t\t\t\t<\/div>\n\t\t\t\t\t<\/div>\n\t\t\t\t<div class=\"elementor-element elementor-element-fca03f0 elementor-widget elementor-widget-spacer\" data-id=\"fca03f0\" data-element_type=\"widget\" data-widget_type=\"spacer.default\">\n\t\t\t\t\t\t\t<div class=\"elementor-spacer\">\n\t\t\t<div class=\"elementor-spacer-inner\"><\/div>\n\t\t<\/div>\n\t\t\t\t\t\t<\/div>\n\t\t\t\t\t<\/div>\n\t\t\t\t<\/div>\n\t\t\t\t<section class=\"elementor-section elementor-top-section elementor-element elementor-element-74aa6ea elementor-section-boxed elementor-section-height-default elementor-section-height-default\" data-id=\"74aa6ea\" data-element_type=\"section\">\n\t\t\t\t\t\t<div class=\"elementor-container elementor-column-gap-default\">\n\t\t\t\t\t<div class=\"elementor-column elementor-col-50 elementor-top-column elementor-element elementor-element-6a94796\" data-id=\"6a94796\" data-element_type=\"column\">\n\t\t\t<div class=\"elementor-widget-wrap elementor-element-populated\">\n\t\t\t\t\t\t<div class=\"elementor-element elementor-element-d9bfc3b elementor-widget elementor-widget-image\" data-id=\"d9bfc3b\" data-element_type=\"widget\" data-widget_type=\"image.default\">\n\t\t\t\t\t\t\t\t\t\t\t\t\t\t\t<img fetchpriority=\"high\" decoding=\"async\" width=\"696\" height=\"1024\" src=\"https:\/\/dealaurencia.cz\/pets\/wp-content\/uploads\/2021\/11\/image_2021-11-18_185332-696x1024.webp\" class=\"attachment-large size-large wp-image-804\" alt=\"\" srcset=\"https:\/\/dealaurencia.cz\/pets\/wp-content\/uploads\/2021\/11\/image_2021-11-18_185332-696x1024.webp 696w, https:\/\/dealaurencia.cz\/pets\/wp-content\/uploads\/2021\/11\/image_2021-11-18_185332-204x300.webp 204w, https:\/\/dealaurencia.cz\/pets\/wp-content\/uploads\/2021\/11\/image_2021-11-18_185332.webp 720w\" sizes=\"(max-width: 696px) 100vw, 696px\" \/>\t\t\t\t\t\t\t\t\t\t\t\t\t\t\t<\/div>\n\t\t\t\t\t<\/div>\n\t\t<\/div>\n\t\t\t\t<div class=\"elementor-column elementor-col-50 elementor-top-column elementor-element elementor-element-b7cec95\" data-id=\"b7cec95\" data-element_type=\"column\">\n\t\t\t<div class=\"elementor-widget-wrap elementor-element-populated\">\n\t\t\t\t\t\t<div class=\"elementor-element elementor-element-f8a03cc elementor-widget elementor-widget-image\" data-id=\"f8a03cc\" data-element_type=\"widget\" data-widget_type=\"image.default\">\n\t\t\t\t\t\t\t\t\t\t\t\t\t\t\t<img decoding=\"async\" width=\"495\" height=\"71\" src=\"https:\/\/dealaurencia.cz\/pets\/wp-content\/uploads\/2021\/11\/image_2021-11-18_185028.webp\" class=\"attachment-large size-large wp-image-802\" alt=\"\" srcset=\"https:\/\/dealaurencia.cz\/pets\/wp-content\/uploads\/2021\/11\/image_2021-11-18_185028.webp 495w, https:\/\/dealaurencia.cz\/pets\/wp-content\/uploads\/2021\/11\/image_2021-11-18_185028-300x43.webp 300w\" sizes=\"(max-width: 495px) 100vw, 495px\" \/>\t\t\t\t\t\t\t\t\t\t\t\t\t\t\t<\/div>\n\t\t\t\t<div class=\"elementor-element elementor-element-7d13e08 elementor-widget elementor-widget-text-editor\" data-id=\"7d13e08\" data-element_type=\"widget\" data-widget_type=\"text-editor.default\">\n\t\t\t\t\t\t\t\t\t<p>Laura, a jej\u00ed tyg\u0159i&#8230;<\/p><p>sp\u00ed\u0161 tyg\u0159ice&#8230;<\/p><p>a nebo vlastn\u011b pudlice <img decoding=\"async\" class=\"emoji\" role=\"img\" draggable=\"false\" src=\"https:\/\/s.w.org\/images\/core\/emoji\/13.1.0\/svg\/1f601.svg\" alt=\"\ud83d\ude01\" \/><\/p><p>\u00a0<\/p><p>Dal\u0161\u00ed dobrovolnic\u00ed, kterou bychom v\u00e1m r\u00e1di p\u0159edstavili, je na\u0161e Laurencie.<\/p><p>Za pacienty doch\u00e1z\u00ed ji\u017e t\u00e9m\u011b\u0159 7let. M\u00e1 zku\u0161nosti jak z individu\u00e1ln\u00edch, tak skupinov\u00fdch aktivit, doch\u00e1zela 3roky za d\u011btsk\u00fdm pacientem na ARO.<\/p><p>Laura je takov\u00fd n\u00e1\u0161 &#8222;univers\u00e1ln\u00ed voj\u00e1k&#8220;&#8230;kdykoli je pot\u0159eba, sta\u010d\u00ed zavolat, a je p\u0159ipraven\u00e1.. na individu\u00e1ln\u00ed popt\u00e1vku, a nebo jen tak na akci.<\/p><p>Moment\u00e1ln\u011b je jej\u00ed &#8222;hlavn\u00ed&#8220; aktivitou skupinov\u00e1 canisterapie na CNP, kam doch\u00e1z\u00ed se sv\u00fdmi t\u0159emi pudl\u00edky&#8230; Sofinkou, jej\u00edm \u0161t\u011bn\u011btem Cip\u00edskem, a Alenkou. V\u0161ichni ps\u00edci vypadaj\u00ed na prvn\u00ed pohled jak ply\u0161ov\u00fd gau\u010d\u00e1ci&#8230; ale kdy\u017e za\u010dne Laura vypr\u00e1v\u011bt historky ze \u017eivota, ka\u017ed\u00fd hned pochop\u00ed, \u017ee za t\u011bmi na\u010desan\u00fdmi loknami a cul\u00edky se skr\u00fdv\u00e1 prav\u00fd pes ve v\u0161ech sm\u011brech.<\/p><p>Moc si takov\u00fdch dobrovoln\u00edk\u016f, jako je Laura, v\u00e1\u017e\u00edme&#8230; V\u017edy dob\u0159e nalad\u011bn\u00e1, spolehliv\u00e1, optimistick\u00e1, mil\u00e1, a usm\u011bvav\u00e1&#8230; p\u0159esn\u011b takov\u00e1 ona je&#8230;<\/p><div>\u00a0<\/div>\t\t\t\t\t\t\t\t<\/div>\n\t\t\t\t\t<\/div>\n\t\t<\/div>\n\t\t\t\t\t<\/div>\n\t\t<\/section>\n\t\t\t\t<\/div>\n\t\t","protected":false},"excerpt":{"rendered":"<p>Canisterapie S na\u0161imi pejsky se aktivn\u011b v\u011bnujeme canisterapii, p\u0159edev\u0161\u00edm v Nemocnici Motol. \u2022 Sofi je klidn\u00e1 a rozumn\u00e1 fenka, kter\u00e1 r\u00e1da le\u017e\u00ed pacient\u016fm na kl\u00edn\u011b nebo vedle nich na l\u016f\u017eku. Za pohlazen\u00ed a pamlsek je v\u017edy vd\u011b\u010dn\u00e1.\u2022 Cip\u00edsek miluje p\u0159edv\u00e1d\u011bn\u00ed trik\u016f, kter\u00e9 pacienty bav\u00ed a rozveseluj\u00ed. Odm\u011bna v podob\u011b pamlsku je pro n\u011bj jen p\u0159\u00edjemn\u00fdm &#8230;<\/p>\n","protected":false},"author":1,"featured_media":0,"parent":0,"menu_order":0,"comment_status":"closed","ping_status":"closed","template":"elementor_header_footer","meta":{"jetpack_post_was_ever_published":false,"footnotes":""},"class_list":["post-61","page","type-page","status-publish"],"jetpack_sharing_enabled":true,"jetpack_shortlink":"https:\/\/wp.me\/P9XuRR-Z","_links":{"self":[{"href":"http:\/\/dealaurencia.cz\/pets\/wp-json\/wp\/v2\/pages\/61","targetHints":{"allow":["GET"]}}],"collection":[{"href":"http:\/\/dealaurencia.cz\/pets\/wp-json\/wp\/v2\/pages"}],"about":[{"href":"http:\/\/dealaurencia.cz\/pets\/wp-json\/wp\/v2\/types\/page"}],"author":[{"embeddable":true,"href":"http:\/\/dealaurencia.cz\/pets\/wp-json\/wp\/v2\/users\/1"}],"replies":[{"embeddable":true,"href":"http:\/\/dealaurencia.cz\/pets\/wp-json\/wp\/v2\/comments?post=61"}],"version-history":[{"count":38,"href":"http:\/\/dealaurencia.cz\/pets\/wp-json\/wp\/v2\/pages\/61\/revisions"}],"predecessor-version":[{"id":925,"href":"http:\/\/dealaurencia.cz\/pets\/wp-json\/wp\/v2\/pages\/61\/revisions\/925"}],"wp:attachment":[{"href":"http:\/\/dealaurencia.cz\/pets\/wp-json\/wp\/v2\/media?parent=61"}],"curies":[{"name":"wp","href":"https:\/\/api.w.org\/{rel}","templated":true}]}}