{"id":34,"date":"2018-06-09T19:37:13","date_gmt":"2018-06-09T19:37:13","guid":{"rendered":"http:\/\/dealaurencia.cz\/pets\/?page_id=34"},"modified":"2018-07-27T12:05:17","modified_gmt":"2018-07-27T10:05:17","slug":"34-2","status":"publish","type":"page","link":"http:\/\/dealaurencia.cz\/pets\/34-2\/","title":{"rendered":"Kontakt"},"content":{"rendered":"<div class=\"entry\">\n<p><span style=\"font-size: 29px; font-weight: bold;\">Laurencie a Martin K\u00fchpastovi<\/span><\/p>\n<div style=\"float: left;\">\n<p>B\u011bhounkova 2304\/5<br \/>\n158\u00a000 Praha 5 \u2013 Nov\u00e9 Butovice<br \/>\ne-mail: <a href=\"mailto:laurencie@kuhpast.cz?subject=Zpr%C3%A1va%20z%20kontaktu%20webu%20DeaLaurencia\">laurencie@kuhpast.cz<\/a><\/p>\n<p>M\u00edsto je cca 10 min p\u011b\u0161ky od metra Nov\u00e9 Butovice (B), p\u0159\u00edpadn\u011b 1 min od stanice BUS Nu\u0161lova (137, 149, 184).<\/p>\n<\/div>\n<p>&nbsp;<\/p>\n<div><\/div>\n<div style=\"width: 600px;\"><iframe src=\"http:\/\/maps.google.com\/maps?f=q&amp;hl=cs&amp;geocode=&amp;q=b%C4%9Bhounkova+2304,+praha&amp;sll=37.0625,-95.677068&amp;sspn=35.821085,71.71875&amp;ie=UTF8&amp;source=embed&amp;ll=50.06309,14.356899&amp;spn=0.033059,0.072956&amp;z=12&amp;output=embed\" name=\"Mapa Prahy\" width=\"599\" height=\"400\" frameborder=\"0\" marginwidth=\"0\" marginheight=\"0\" scrolling=\"no\">Mapa Prahy<\/iframe><br \/>\n<small><a style=\"text-align: left; color: #0000ff;\" href=\"http:\/\/maps.google.com\/maps?f=q&amp;hl=cs&amp;geocode=&amp;q=b%C4%9Bhounkova+2304,+praha&amp;sll=37.0625,-95.677068&amp;sspn=35.821085,71.71875&amp;ie=UTF8&amp;source=embed&amp;ll=50.06309,14.356899&amp;spn=0.033059,0.072956&amp;z=13\">Zv\u011bt\u0161it mapu<\/a><\/small><\/div>\n<p>&nbsp;<\/p>\n<\/div>\n","protected":false},"excerpt":{"rendered":"<p>Laurencie a Martin K\u00fchpastovi B\u011bhounkova 2304\/5 158\u00a000 Praha 5 \u2013 Nov\u00e9 Butovice e-mail: laurencie@kuhpast.cz M\u00edsto je cca 10 min p\u011b\u0161ky od metra Nov\u00e9 Butovice (B), p\u0159\u00edpadn\u011b 1 min od stanice BUS Nu\u0161lova (137, 149, 184). &nbsp; Mapa Prahy Zv\u011bt\u0161it mapu &nbsp;<\/p>\n","protected":false},"author":1,"featured_media":0,"parent":0,"menu_order":0,"comment_status":"closed","ping_status":"closed","template":"","meta":{"jetpack_post_was_ever_published":false,"footnotes":""},"class_list":["post-34","page","type-page","status-publish"],"jetpack_sharing_enabled":true,"jetpack_shortlink":"https:\/\/wp.me\/P9XuRR-y","_links":{"self":[{"href":"http:\/\/dealaurencia.cz\/pets\/wp-json\/wp\/v2\/pages\/34","targetHints":{"allow":["GET"]}}],"collection":[{"href":"http:\/\/dealaurencia.cz\/pets\/wp-json\/wp\/v2\/pages"}],"about":[{"href":"http:\/\/dealaurencia.cz\/pets\/wp-json\/wp\/v2\/types\/page"}],"author":[{"embeddable":true,"href":"http:\/\/dealaurencia.cz\/pets\/wp-json\/wp\/v2\/users\/1"}],"replies":[{"embeddable":true,"href":"http:\/\/dealaurencia.cz\/pets\/wp-json\/wp\/v2\/comments?post=34"}],"version-history":[{"count":6,"href":"http:\/\/dealaurencia.cz\/pets\/wp-json\/wp\/v2\/pages\/34\/revisions"}],"predecessor-version":[{"id":391,"href":"http:\/\/dealaurencia.cz\/pets\/wp-json\/wp\/v2\/pages\/34\/revisions\/391"}],"wp:attachment":[{"href":"http:\/\/dealaurencia.cz\/pets\/wp-json\/wp\/v2\/media?parent=34"}],"curies":[{"name":"wp","href":"https:\/\/api.w.org\/{rel}","templated":true}]}}